{"id":256,"date":"2017-12-26T18:56:07","date_gmt":"2017-12-26T16:56:07","guid":{"rendered":"https:\/\/mabewptest1.wordpress.com\/?page_id=256"},"modified":"2018-02-17T14:28:28","modified_gmt":"2018-02-17T14:28:28","slug":"einzelne-maerchen","status":"publish","type":"page","link":"http:\/\/ursula-bertsch.de\/?page_id=256","title":{"rendered":"Einzelne M\u00e4rchen"},"content":{"rendered":"<h1>Einzelne M\u00e4rchen<\/h1>\n<p>Jedes der 28 Heilpflanzenm\u00e4rchen gibt es auch einzeln (je 1 Euro): auf farbigem Papier, jeweils 4-seitig im Din A 5-Format. (in der Regel ohne Illustration)<\/p>\n<p id=\"Description\">\u201eThema\u201c<\/p>\n<p>\u00a0(Bei jedem M\u00e4rchen sind\u00a0es Informationen zu den Pflanzen, ein Rezept oder \u00e4hnliches.)<\/p>\n<h2>1 \u00a0\u00a0\u00a0\u00a0\u00a0Sternenstaub oder wie die Pflanzen auf unsere Erde kamen*<\/h2>\n<p>Wie alles anfing: Alles, was hier w\u00e4chst, Kraut und Unkraut, ist aus Sternenstaub entstanden, der von himmlischen Boten gebracht wurde\u2026<\/p>\n<p id=\"Description\">Raun\u00e4chte<\/p>\n<h2>2\u00a0\u00a0\u00a0 \u00a0\u00a0Wertvoller als Gold<\/h2>\n<p>Das M\u00e4dchen Anea zieht los, um ein Heilmittel f\u00fcr ihre kranke Schwester zu finden. Sie befreit einen B\u00e4ren und muss zuerst alles verlieren, bis dann das Heilmittel f\u00fcr die Schwester aus dem Boden sprie\u00dft\u2026<\/p>\n<p id=\"Description\">B\u00e4rlauch<\/p>\n<h2>3\u00a0\u00a0\u00a0\u00a0\u00a0 Die Drachenbergsuppe<\/h2>\n<p>Das Dorf am Berg wird von einem b\u00f6sen Drachen bedroht, so lange, bis sich ihm Kinder mit viel Mut und Pflanzenwissen entgegen stellen\u2026<\/p>\n<p id=\"Description\">Wildkr\u00e4utersuppenrezept und Scophularia Nodosa<\/p>\n<h2>4\u00a0\u00a0\u00a0\u00a0\u00a0 Eine Wurzelliebe*<\/h2>\n<p>Sira und Waldo lieben sich so sehr, dass nichts sie trennen kann. Und so fest, wie ihre Umarmung ist, so heilkr\u00e4ftig ist der Beinwell\u2026<\/p>\n<p id=\"Description\">Beinwell<\/p>\n<h2>5\u00a0\u00a0\u00a0 \u00a0Die M\u00fchle am Fluss*<\/h2>\n<p>Ein dicker Felsbrocken versperrt den Gebirgsfluss, so dass die M\u00fchle nicht mehr gen\u00fcgend Wasser hat &#8211; mit der Hilfe der Zwerge und einer starken Pflanze bringt der M\u00fcller das Wasser wieder zum Flie\u00dfen\u2026<\/p>\n<p id=\"Description\">Brennnessel<\/p>\n<h2>6\u00a0\u00a0\u00a0\u00a0 Mutig wie der L\u00f6wenzahn*<\/h2>\n<p>Eine Geschichte \u00fcber die wunderbaren und vielf\u00e4ltigen Wirkungen des L\u00f6wenzahns \u2013 f\u00fcr kr\u00e4nkliche Kinder und M\u00fctter, gestresste V\u00e4ter, schlecht gelaunte G\u00e4rtner und sch\u00fcchterne Lehrer\u2026<\/p>\n<p id=\"Description\">L\u00f6wenzahn<\/p>\n<h2>7\u00a0\u00a0\u00a0\u00a0 Ein ganz besonderer Montag&#8230;<\/h2>\n<p>&#8230; und ein ganz modernes M\u00e4rchen! Laurelia, die Putzfee, hilft bei \u00fcberm\u00e4\u00dfigem Chaos, Schlafst\u00f6rungen, schlechter Laune und Fu\u00dfpilz\u2026<\/p>\n<p id=\"Description\">Lavendel<\/p>\n<h2>8\u00a0\u00a0\u00a0 \u00a0Holundergeschichten<\/h2>\n<p>Der Holunderbusch liebt die Menschen so sehr, dass er immer wieder lange Strecken auf sich nimmt, um dort zu helfen, wo er gebraucht wird\u2026<\/p>\n<p id=\"Description\">Holunder<\/p>\n<h2>9\u00a0\u00a0\u00a0\u00a0 Die Prinzessin mit dem roten Kleid<\/h2>\n<p>Ein M\u00e4dchen ist krank und ihre Mutter tr\u00e4umt die Heilmittel f\u00fcr sie, die sie dann auch im Garten wieder findet\u2026<\/p>\n<p id=\"Description\">Kapuzinerkresse und Meerrettich<\/p>\n<h2>10\u00a0\u00a0\u00a0 Minta und Melissander*<\/h2>\n<p>Auch K\u00f6nigss\u00f6hne sind nicht immer nur tapfer und Drachen sind nicht immer gef\u00e4hrlich \u2013 aber alle k\u00f6nnen die Hilfe der Frau mit dem gr\u00fcnen Mantel und ihrer Heilkr\u00e4uter gut gebrauchen\u2026<\/p>\n<p id=\"Description\">Kr\u00e4utertees und Wiesenkr\u00e4uter<\/p>\n<h2>11\u00a0 \u00a0\u00a0Von den B\u00e4umen kannst du alles lernen<\/h2>\n<p>Ein Lob auf die B\u00e4ume und auf die Gro\u00dfv\u00e4ter, von denen man alles lernen kann, was wichtig ist im Leben\u2026<\/p>\n<p id=\"Description\">Birke<\/p>\n<h2>12\u00a0 \u00a0\u00a0Wie man einen richtigen Schatz finden kann*<\/h2>\n<p>Das Aufbl\u00fchen der Nachtkerzen bezaubert Kinder und Eltern und weckt den Wunsch nach einem eigenen Garten, in dem dann auch Nachtkerzen (zum Verspeisen und zum Heilen) wachsen\u2026<\/p>\n<p id=\"Description\">Nachtkerze<\/p>\n<h2>13\u00a0\u00a0\u00a0 Vom Duft der Rosen<\/h2>\n<p>Der Duft der Rosen ebenso wie die Unendlichkeit des Meeres: Beides macht das Herz der Menschen so weit\u2026.und sind nicht die unz\u00e4hlbaren Arten der Rose Ausdruck der unendlichen Formen, in denen die Liebe sich zeigen mag\u2026<\/p>\n<p id=\"Description\">Rose<\/p>\n<h2>14\u00a0 \u00a0\u00a0Die Kr\u00e4fte des Tages, die Kr\u00e4fte der Nacht<\/h2>\n<p>Der Goldschmied hatte vieles verloren, als seine Frau starb, die Freude am Leben ebenso wie den erholsamen Schlaf. Aber es gibt Pflanzen, die ihm helfen k\u00f6nnen\u2026<\/p>\n<p id=\"Description\">Johanniskraut und Baldrian<\/p>\n<h2>15\u00a0 \u00a0\u00a0Nichts geht verloren<\/h2>\n<p>Uraltes Wissen begleitet die Mugwurz, unseren Beifu\u00df, die Macht- und Zauberpflanze. Genauso k\u00f6nnte es gewesen sein\u2026<\/p>\n<p id=\"Description\">Beifu\u00df<\/p>\n<h2>16 \u00a0\u00a0\u00a0Arnika<\/h2>\n<p>Eine M\u00e4rchen von der Arnika, der Heilpflanze, die die Kr\u00e4fte eines Wolfes hat und das Aussehen einer sch\u00f6nen wilden Frau\u2026<\/p>\n<p id=\"Description\">Arnika<\/p>\n<h2>17 \u00a0\u00a0\u00a0Wie die Kunst des F\u00e4rbens in das Dorf am Wald kam*<\/h2>\n<p>Wenn ein Menschenj\u00fcngling sich in eine Elfenfrau verliebt, dann muss er zuerst die Kunst des Pflanzenf\u00e4rbens erlernen, bevor sie als seine Frau zu ihm kommt\u2026<\/p>\n<p id=\"Description\">Pflanzenf\u00e4rben mit Walnuss<\/p>\n<h2>18\u00a0 \u00a0\u00a0Heidelbeere und Blutwurz<\/h2>\n<p>Heidelbeere und Blutwurz streiten dar\u00fcber, wer die Sch\u00f6nere, Wichtigere, Wertvollere ist \u2013 und in diesem Streit erz\u00e4hlen sie ziemlich viel \u00fcber ihre Heilkr\u00e4fte und dar\u00fcber, was sie sonst noch alles k\u00f6nnen\u2026<\/p>\n<p id=\"Description\">Heidelbeere und Blutwurz<\/p>\n<h2>19\u00a0 \u00a0\u00a0Es war einmal ein alter Griesgram<\/h2>\n<p>Victor, der alte Griesgram, bringt mit Hilfe der K\u00f6nigskerze Licht in seinen Garten und in sein Leben \u2013 und erf\u00e4hrt dann auch, wie hilfreich die K\u00f6nigskerze bei Husten und Heiserkeit ist\u2026<\/p>\n<p id=\"Description\">K\u00f6nigskerze<\/p>\n<h2>20\u00a0 \u00a0Die Zauberkissen*<\/h2>\n<p>Die Hexe Walburga und ihre Freunde n\u00e4hen Kr\u00e4uterkissen f\u00fcr ein schlafloses Baby und seine ebenso schlaflosen Eltern\u2026<\/p>\n<p id=\"Description\">Kr\u00e4uterkissen<\/p>\n<h2>21\u00a0 \u00a0\u00a0Eine wunderbar lange Reise*<\/h2>\n<p>Die wunderbare Reise des kleinen Samenkorns, das vieles erleben darf und durchstehen muss, bis es als Sonnenblume im Wind tanzen kann\u2026<\/p>\n<p id=\"Description\">Sonnenblume<\/p>\n<h2>22\u00a0\u00a0 Wilma Walnuss*<\/h2>\n<p>Ein hartn\u00e4ckiges junges Walnussm\u00e4dchen verliebt sich in einen rotwangigen Apfelj\u00fcngling \u2013 der Schluss ist botanisch nicht ganz korrekt, aber m\u00e4rchenhaft sch\u00f6n\u2026<\/p>\n<p id=\"Description\">Walnuss und Apfel<\/p>\n<h2>23\u00a0 \u00a0Freundinnen sind etwas Wunderbares*<\/h2>\n<p>Eigentlich mag Lilli Zwiebeln gar nicht. So lange, bis sie stark erk\u00e4ltet ist und Cilli, die Zwiebel, sich als ganz hilfreiche Freundin entpuppt\u2026<\/p>\n<p id=\"Description\">Zwiebel<\/p>\n<h2>24\u00a0 \u00a0Drachenpuppe<\/h2>\n<p>Ein M\u00e4rchen \u00fcber Draga, die ihren ganz eigenen Weg gehen will, mit der Zauberpflanze Alraune als Begleiterin\u2026<\/p>\n<p id=\"Description\">Alraune<\/p>\n<h2>25\u00a0 \u00a0Engel wurzeln im Klostergarten<\/h2>\n<p>Weil ein junger M\u00f6nch wei\u00df, dass Engel nicht nur Fl\u00fcgel, sondern auch Wurzeln haben, kommt die Engelwurz als Heilpflanze auch zu uns\u2026<\/p>\n<p id=\"Description\">Engelwurz<\/p>\n<h2>26\u00a0 \u00a0Die Geschichte des Fl\u00f6tenspielers<\/h2>\n<p>Ein junger Fl\u00f6tenspieler wird schwer krank und geht auf Rat der Nebelgeister ins tiefe Moor, dort findet er Heilung, und auch seine Prinzessin\u2026<\/p>\n<p id=\"Description\">Weide<\/p>\n<h2>27\u00a0 \u00a0Die Eisb\u00e4rensuche*<\/h2>\n<p>Willi, der Eisb\u00e4r, hat sich verlaufen und auf der Suche nach ihm lernen seine Freunde den erk\u00e4lteten Nikolaus kennen\u2026<\/p>\n<p id=\"Description\">Hustentee, (Kinder-) Punsch, Fu\u00dfbad<\/p>\n<h2>28\u00a0 \u00a0Weihnachten im Wald<\/h2>\n<p>Eine Wandersfrau und die B\u00e4ume im Wald philosophieren \u00fcber Licht und Dunkelheit und die Besonderheit der Weihnachtszeit\u2026<\/p>\n<p id=\"Description\">Baumheilkunde<\/p>\n<p>&nbsp;<br \/>\n&nbsp;<\/p>\n<p><span style=\"color: #993300;\">Die M\u00e4rchen und Geschichten sind f\u00fcr alle diejenigen, die Pflanzen lieben \u2013 unabh\u00e4ngig vom Lebensalter! Grunds\u00e4tzlich eignen sie sich f\u00fcr Kinder ab dem Schulalter, die <strong>*<\/strong>Geschichten sind meiner Erfahrung nach auch f\u00fcr Kindergartenkinder gut verst\u00e4ndlich; die anderen Geschichten k\u00f6nnen meist beim Erz\u00e4hlen entsprechend abge\u00e4ndert werden.<\/span><\/p>\n","protected":false},"excerpt":{"rendered":"<p>Einzelne M\u00e4rchen Jedes der 28 Heilpflanzenm\u00e4rchen gibt es auch einzeln (je 1 Euro): auf farbigem Papier, jeweils 4-seitig im Din A 5-Format. (in der Regel ohne Illustration) \u201eThema\u201c \u00a0(Bei jedem M\u00e4rchen sind\u00a0es Informationen zu den Pflanzen, ein Rezept oder \u00e4hnliches.) 1 \u00a0\u00a0\u00a0\u00a0\u00a0Sternenstaub oder wie die Pflanzen auf unsere Erde kamen* Wie alles anfing: Alles, was &hellip; <\/p>\n<p class=\"link-more\"><a href=\"http:\/\/ursula-bertsch.de\/?page_id=256\" class=\"more-link\"><span class=\"screen-reader-text\">\u201eEinzelne M\u00e4rchen\u201c<\/span> weiterlesen<\/a><\/p>\n","protected":false},"author":1,"featured_media":0,"parent":0,"menu_order":0,"comment_status":"closed","ping_status":"closed","template":"","meta":{"footnotes":""},"class_list":["post-256","page","type-page","status-publish","hentry"],"_links":{"self":[{"href":"http:\/\/ursula-bertsch.de\/index.php?rest_route=\/wp\/v2\/pages\/256","targetHints":{"allow":["GET"]}}],"collection":[{"href":"http:\/\/ursula-bertsch.de\/index.php?rest_route=\/wp\/v2\/pages"}],"about":[{"href":"http:\/\/ursula-bertsch.de\/index.php?rest_route=\/wp\/v2\/types\/page"}],"author":[{"embeddable":true,"href":"http:\/\/ursula-bertsch.de\/index.php?rest_route=\/wp\/v2\/users\/1"}],"replies":[{"embeddable":true,"href":"http:\/\/ursula-bertsch.de\/index.php?rest_route=%2Fwp%2Fv2%2Fcomments&post=256"}],"version-history":[{"count":24,"href":"http:\/\/ursula-bertsch.de\/index.php?rest_route=\/wp\/v2\/pages\/256\/revisions"}],"predecessor-version":[{"id":541,"href":"http:\/\/ursula-bertsch.de\/index.php?rest_route=\/wp\/v2\/pages\/256\/revisions\/541"}],"wp:attachment":[{"href":"http:\/\/ursula-bertsch.de\/index.php?rest_route=%2Fwp%2Fv2%2Fmedia&parent=256"}],"curies":[{"name":"wp","href":"https:\/\/api.w.org\/{rel}","templated":true}]}}