{"id":46,"date":"2017-11-17T21:42:16","date_gmt":"2017-11-17T19:42:16","guid":{"rendered":"https:\/\/mabewptest1.wordpress.com\/?page_id=46"},"modified":"2026-02-02T17:31:48","modified_gmt":"2026-02-02T17:31:48","slug":"wiederverkaeufer","status":"publish","type":"page","link":"http:\/\/ursula-bertsch.de\/?page_id=46","title":{"rendered":"Wiederverk\u00e4ufer:innen"},"content":{"rendered":"<p>Liste der Wiederverk\u00e4ufer:innen<br \/>\n<span style=\"color: #800000;\">In Deutschland<\/span> (nach PLZ):<\/p>\n<p>Annett Groh,\u00a009212 Limbach-Oberfrohna,\u00a0<a href=\"http:\/\/www.uhlsdorfer-marmelaedchen.de\/\" target=\"_blank\" rel=\"noopener\" data-saferedirecturl=\"https:\/\/www.google.com\/url?q=http:\/\/www.uhlsdorfer-marmelaedchen.de&amp;source=gmail&amp;ust=1636736444101000&amp;usg=AOvVaw3w1UEnbX6ofETXeL0_Vu1O\">www.uhlsdorfer-marmelaedchen.<wbr \/>de<\/a><\/p>\n<p>Kr\u00e4uterschule R\u00fcgen, Gabi Wieczorek; 18569 Ummanz,\u00a0\u00a0<a href=\"http:\/\/www.kraeuterhof-ruegen.de\/\">http:\/\/www.kraeuterhof-ruegen.de\/<\/a><\/p>\n<p>Angela Sarti; 31319 Sehnde-Bolzum;\u00a0<a href=\"http:\/\/www.im-weissdorngarten.de\">http:\/\/www.im-weissdorngarten.de<\/a><\/p>\n<p>Alexandra Steinke, Bioladen im Dorf, M\u00fclheimer Str. 6, 51375 Leverkusen<\/p>\n<p>Regine Ebert, Kr\u00e4uterschule Taunus, 61273 Wehrheim-Obernhain, <a href=\"http:\/\/www.regine-ebert.de\">www.regine-ebert.de<\/a><\/p>\n<p>Martina Nerger-Tils, 74426 B\u00fchlerzell, <a href=\"http:\/\/www.heilpraktikerin-nerger-tils.de\/\">www.heilpraktikerin-nerger-tils.de<\/a><\/p>\n<p>Bernhard Elpelt, Naturp\u00e4dagogischer Buchversand, 73249 Wernau, <a href=\"http:\/\/www.buchzentrum-natur.de\/\" target=\"_blank\" rel=\"noopener noreferrer\" data-saferedirecturl=\"https:\/\/www.google.com\/url?q=http:\/\/www.buchzentrum-natur.de&amp;source=gmail&amp;ust=1620234783688000&amp;usg=AFQjCNEWKaTj65Hto1dGN-Z04-2wB1m2YQ\">www.buchzentrum-natur.de<\/a><\/p>\n<p>Freya vom SonnenWort, 74960 Bad Rappenau, <a href=\"http:\/\/www.sonnenwort-m\u00e4rchen.de\">www.sonnenwort-m\u00e4rchen.de<\/a><\/p>\n<p>Maria Vogt\/Surya-Veda\/Zentrum f\u00fcr ganzheitliche Lebensweise; 77871 Renchen-Ulm;\u00a0<a href=\"http:\/\/www.benediktushof-onlineshop.de\">www.surya-veda.de<\/a><\/p>\n<p>Bauernl\u00e4dele Elke Silberer; Bockswinkelhof; 77948 Friesenheim<\/p>\n<p>Braunwurzh\u00fctte, Wehstetten 7, 78576 Emmingen-Liptingen, Tel. 07465-9297230<\/p>\n<p>Freiburger Heilpflanzenschule, 79111 Freiburg,\u00a0<a href=\"http:\/\/www.heilpflanzenschule.de\/\">www.heilpflanzenschule.de<\/a><\/p>\n<p>Claudia Kutschera, 79346 Endingen-Amoltern, 07642\/931244,\u00a0<a href=\"http:\/\/www.kolibri-naturseifen.de\">www.kolibri-naturseifen.de<\/a><\/p>\n<p>Evi Hajek\/Kraeuterp\u00e4dagogin,\u00a0 83471 Sch\u00f6nau am K\u00f6nigssee, <a href=\"http:\/\/www.kraeuter-zeit.de\">www.kraeuter-zeit.de<\/a><\/p>\n<p>Bahnhof Apotheke Kempten, 87435 Kempten,\u00a0<a href=\"http:\/\/www.bahnhof-apotheke.de\/\">www.bahnhof-apotheke.de<\/a><\/p>\n<p>MoritzApotheke, 90482 N\u00fcrnberg, <a href=\"http:\/\/www.moritzapotheke.de\">www.moritzapotheke.de<\/a><\/p>\n<p>bio und nah, 90429 N\u00fcrnberg,\u00a0<a href=\"http:\/\/www.bioundnah.de\/\" target=\"_blank\" rel=\"noopener noreferrer\" data-saferedirecturl=\"https:\/\/www.google.com\/url?q=http:\/\/www.bioundnah.de&amp;source=gmail&amp;ust=1770139261343000&amp;usg=AOvVaw3DJPYmVh65G3HFZD1vUUfP\">www.bioundnah.de<\/a><\/p>\n<p>Der Tee- und Gew\u00fcrzladen, 90542 Eckental,\u00a0<a href=\"http:\/\/www.zauberkraut-online.de\/\">www.zauberkraut-online.de<\/a><\/p>\n<p>NM VITAL Apotheke, 92318 Neumarkt, <a href=\"http:\/\/www.nmvitalapotheke.com\">www.nmvitalapotheke.com<\/a><\/p>\n<p>Doris Burger; 95679 Waldershof;\u00a0<a href=\"http:\/\/www.naturwerkstatt-steinwald.de\/\">www.naturwerkstatt-steinwald.de<\/a><\/p>\n<p>Kr\u00e4uterschmiede Ramona Pfordte, Unter dem Berge 6, 99326 Stadtilm, OT Niederwillingen,<\/p>\n<p><span style=\"color: #800000;\">In der Schweiz<\/span><br \/>\nSabrina Estermann <a href=\"http:\/\/www.ein-dufter-laden.ch\">www.ein-dufter-laden.ch<\/a><\/p>\n<p><span style=\"color: #800000;\">In Italien<\/span><\/p>\n<p>Caracolito-Teekaffee Ruth Dorfmann, Domplatz 8, 39042 Brixen (BZ)<\/p>\n","protected":false},"excerpt":{"rendered":"<p>Liste der Wiederverk\u00e4ufer:innen In Deutschland (nach PLZ): Annett Groh,\u00a009212 Limbach-Oberfrohna,\u00a0www.uhlsdorfer-marmelaedchen.de Kr\u00e4uterschule R\u00fcgen, Gabi Wieczorek; 18569 Ummanz,\u00a0\u00a0http:\/\/www.kraeuterhof-ruegen.de\/ Angela Sarti; 31319 Sehnde-Bolzum;\u00a0http:\/\/www.im-weissdorngarten.de Alexandra Steinke, Bioladen im Dorf, M\u00fclheimer Str. 6, 51375 Leverkusen Regine Ebert, Kr\u00e4uterschule Taunus, 61273 Wehrheim-Obernhain, www.regine-ebert.de Martina Nerger-Tils, 74426 B\u00fchlerzell, www.heilpraktikerin-nerger-tils.de Bernhard Elpelt, Naturp\u00e4dagogischer Buchversand, 73249 Wernau, www.buchzentrum-natur.de Freya vom SonnenWort, 74960 Bad Rappenau, &hellip; <\/p>\n<p class=\"link-more\"><a href=\"http:\/\/ursula-bertsch.de\/?page_id=46\" class=\"more-link\"><span class=\"screen-reader-text\">\u201eWiederverk\u00e4ufer:innen\u201c<\/span> weiterlesen<\/a><\/p>\n","protected":false},"author":1,"featured_media":0,"parent":0,"menu_order":0,"comment_status":"closed","ping_status":"closed","template":"","meta":{"footnotes":""},"class_list":["post-46","page","type-page","status-publish","hentry"],"_links":{"self":[{"href":"http:\/\/ursula-bertsch.de\/index.php?rest_route=\/wp\/v2\/pages\/46","targetHints":{"allow":["GET"]}}],"collection":[{"href":"http:\/\/ursula-bertsch.de\/index.php?rest_route=\/wp\/v2\/pages"}],"about":[{"href":"http:\/\/ursula-bertsch.de\/index.php?rest_route=\/wp\/v2\/types\/page"}],"author":[{"embeddable":true,"href":"http:\/\/ursula-bertsch.de\/index.php?rest_route=\/wp\/v2\/users\/1"}],"replies":[{"embeddable":true,"href":"http:\/\/ursula-bertsch.de\/index.php?rest_route=%2Fwp%2Fv2%2Fcomments&post=46"}],"version-history":[{"count":22,"href":"http:\/\/ursula-bertsch.de\/index.php?rest_route=\/wp\/v2\/pages\/46\/revisions"}],"predecessor-version":[{"id":931,"href":"http:\/\/ursula-bertsch.de\/index.php?rest_route=\/wp\/v2\/pages\/46\/revisions\/931"}],"wp:attachment":[{"href":"http:\/\/ursula-bertsch.de\/index.php?rest_route=%2Fwp%2Fv2%2Fmedia&parent=46"}],"curies":[{"name":"wp","href":"https:\/\/api.w.org\/{rel}","templated":true}]}}