{"id":659,"date":"2020-07-28T17:56:29","date_gmt":"2020-07-28T17:56:29","guid":{"rendered":"http:\/\/ursula-bertsch.de\/?page_id=659"},"modified":"2021-05-28T07:43:23","modified_gmt":"2021-05-28T07:43:23","slug":"grossmutter-feuerbohne","status":"publish","type":"page","link":"http:\/\/ursula-bertsch.de\/?page_id=659","title":{"rendered":"Gro\u00dfmutter Feuerbohne"},"content":{"rendered":"<h1>M\u00e4rchenbuch \u201eGro\u00dfmutter Feuerbohne und andere Obst- und Gem\u00fcsem\u00e4rchen\u201c<\/h1>\n<p>18 M\u00e4rchen \u00fcber wilde und weniger wilde Obst- und Gem\u00fcsearten, aus dem heimischen Garten oder aus Wald und Wiese. Jedes M\u00e4rchen ist zauberhaft farbig illustriert von Nicole Nedoh, und zu jedem gibt es Informationen zu den Pflanzen und Kochrezepte.<\/p>\n<p>Format 21 x 27,5 cm, Softcover mit Klebebindung, 212 Seiten<\/p>\n<p>29,00 \u20ac<\/p>\n<p>Hier das Umschlagbild und ein paar Seiten zum Hineinschnuppern:<\/p>\n<p><img loading=\"lazy\" decoding=\"async\" class=\"alignnone size-full wp-image-661\" src=\"http:\/\/ursula-bertsch.de\/wp-content\/uploads\/2020\/07\/Gro\u00dfmutter-Feuerbohne-Umschlagbild-1.png\" alt=\"\" width=\"1266\" height=\"766\" srcset=\"http:\/\/ursula-bertsch.de\/wp-content\/uploads\/2020\/07\/Gro\u00dfmutter-Feuerbohne-Umschlagbild-1.png 1266w, http:\/\/ursula-bertsch.de\/wp-content\/uploads\/2020\/07\/Gro\u00dfmutter-Feuerbohne-Umschlagbild-1-300x182.png 300w, http:\/\/ursula-bertsch.de\/wp-content\/uploads\/2020\/07\/Gro\u00dfmutter-Feuerbohne-Umschlagbild-1-1024x620.png 1024w, http:\/\/ursula-bertsch.de\/wp-content\/uploads\/2020\/07\/Gro\u00dfmutter-Feuerbohne-Umschlagbild-1-768x465.png 768w\" sizes=\"auto, (max-width: 767px) 89vw, (max-width: 1000px) 54vw, (max-width: 1071px) 543px, 580px\" \/><\/p>\n<p><img loading=\"lazy\" decoding=\"async\" class=\"alignnone size-full wp-image-662\" src=\"http:\/\/ursula-bertsch.de\/wp-content\/uploads\/2020\/07\/Feuerbohne-Seiten-40-41-Veilchenkraut.png\" alt=\"\" width=\"1181\" height=\"768\" srcset=\"http:\/\/ursula-bertsch.de\/wp-content\/uploads\/2020\/07\/Feuerbohne-Seiten-40-41-Veilchenkraut.png 1181w, http:\/\/ursula-bertsch.de\/wp-content\/uploads\/2020\/07\/Feuerbohne-Seiten-40-41-Veilchenkraut-300x195.png 300w, http:\/\/ursula-bertsch.de\/wp-content\/uploads\/2020\/07\/Feuerbohne-Seiten-40-41-Veilchenkraut-1024x666.png 1024w, http:\/\/ursula-bertsch.de\/wp-content\/uploads\/2020\/07\/Feuerbohne-Seiten-40-41-Veilchenkraut-768x499.png 768w\" sizes=\"auto, (max-width: 767px) 89vw, (max-width: 1000px) 54vw, (max-width: 1071px) 543px, 580px\" \/><\/p>\n<p><img loading=\"lazy\" decoding=\"async\" class=\"alignnone size-full wp-image-663\" src=\"http:\/\/ursula-bertsch.de\/wp-content\/uploads\/2020\/07\/Feuerbohne-Seiten-10-11-Wie-alles-anfing.png\" alt=\"\" width=\"1183\" height=\"768\" srcset=\"http:\/\/ursula-bertsch.de\/wp-content\/uploads\/2020\/07\/Feuerbohne-Seiten-10-11-Wie-alles-anfing.png 1183w, http:\/\/ursula-bertsch.de\/wp-content\/uploads\/2020\/07\/Feuerbohne-Seiten-10-11-Wie-alles-anfing-300x195.png 300w, http:\/\/ursula-bertsch.de\/wp-content\/uploads\/2020\/07\/Feuerbohne-Seiten-10-11-Wie-alles-anfing-1024x665.png 1024w, http:\/\/ursula-bertsch.de\/wp-content\/uploads\/2020\/07\/Feuerbohne-Seiten-10-11-Wie-alles-anfing-768x499.png 768w\" sizes=\"auto, (max-width: 767px) 89vw, (max-width: 1000px) 54vw, (max-width: 1071px) 543px, 580px\" \/><\/p>\n<p><img loading=\"lazy\" decoding=\"async\" class=\"alignnone size-full wp-image-664\" src=\"http:\/\/ursula-bertsch.de\/wp-content\/uploads\/2020\/07\/Feuerbohne-Seiten-102-103-Pupsriesengeschichte.png\" alt=\"\" width=\"1182\" height=\"768\" srcset=\"http:\/\/ursula-bertsch.de\/wp-content\/uploads\/2020\/07\/Feuerbohne-Seiten-102-103-Pupsriesengeschichte.png 1182w, http:\/\/ursula-bertsch.de\/wp-content\/uploads\/2020\/07\/Feuerbohne-Seiten-102-103-Pupsriesengeschichte-300x195.png 300w, http:\/\/ursula-bertsch.de\/wp-content\/uploads\/2020\/07\/Feuerbohne-Seiten-102-103-Pupsriesengeschichte-1024x665.png 1024w, http:\/\/ursula-bertsch.de\/wp-content\/uploads\/2020\/07\/Feuerbohne-Seiten-102-103-Pupsriesengeschichte-768x499.png 768w\" sizes=\"auto, (max-width: 767px) 89vw, (max-width: 1000px) 54vw, (max-width: 1071px) 543px, 580px\" \/><\/p>\n<p><img loading=\"lazy\" decoding=\"async\" class=\"alignnone size-full wp-image-665\" src=\"http:\/\/ursula-bertsch.de\/wp-content\/uploads\/2020\/07\/Feuerbohne-Seiten-58-59-Prinzessinnensalat.png\" alt=\"\" width=\"1180\" height=\"768\" srcset=\"http:\/\/ursula-bertsch.de\/wp-content\/uploads\/2020\/07\/Feuerbohne-Seiten-58-59-Prinzessinnensalat.png 1180w, http:\/\/ursula-bertsch.de\/wp-content\/uploads\/2020\/07\/Feuerbohne-Seiten-58-59-Prinzessinnensalat-300x195.png 300w, http:\/\/ursula-bertsch.de\/wp-content\/uploads\/2020\/07\/Feuerbohne-Seiten-58-59-Prinzessinnensalat-1024x666.png 1024w, http:\/\/ursula-bertsch.de\/wp-content\/uploads\/2020\/07\/Feuerbohne-Seiten-58-59-Prinzessinnensalat-768x500.png 768w\" sizes=\"auto, (max-width: 767px) 89vw, (max-width: 1000px) 54vw, (max-width: 1071px) 543px, 580px\" \/><\/p>\n<p><img loading=\"lazy\" decoding=\"async\" class=\"alignnone size-full wp-image-666\" src=\"http:\/\/ursula-bertsch.de\/wp-content\/uploads\/2020\/07\/Feuerbohne-Seiten-198-199-Der-tanzende-Birnbaum.png\" alt=\"\" width=\"1179\" height=\"768\" srcset=\"http:\/\/ursula-bertsch.de\/wp-content\/uploads\/2020\/07\/Feuerbohne-Seiten-198-199-Der-tanzende-Birnbaum.png 1179w, http:\/\/ursula-bertsch.de\/wp-content\/uploads\/2020\/07\/Feuerbohne-Seiten-198-199-Der-tanzende-Birnbaum-300x195.png 300w, http:\/\/ursula-bertsch.de\/wp-content\/uploads\/2020\/07\/Feuerbohne-Seiten-198-199-Der-tanzende-Birnbaum-1024x667.png 1024w, http:\/\/ursula-bertsch.de\/wp-content\/uploads\/2020\/07\/Feuerbohne-Seiten-198-199-Der-tanzende-Birnbaum-768x500.png 768w\" sizes=\"auto, (max-width: 767px) 89vw, (max-width: 1000px) 54vw, (max-width: 1071px) 543px, 580px\" \/><\/p>\n\n\n<h2 class=\"wp-block-heading\">Inhaltsverzeichnis<\/h2>\n\n\n\n<p><strong>1 Wie alles anfing<\/strong><br>R\u00e4ubersuppe<\/p>\n\n\n\n<p><strong>2 Warum Waldemar nie wieder Kartoffeln klaute<\/strong><br>Kartoffelpfannkuchen<br>Gef\u00fcllte Kartoffeln mit (wilden) Kr\u00e4utern<\/p>\n\n\n\n<p><strong>3 Gro\u00dfmutter Feuerbohnes Geschichte<\/strong><br>Bohneneintopf<br>Aufstrich aus frischen Feuerbohnenkernen<\/p>\n\n\n\n<p><strong>4 Veilchenkraut<\/strong><br>Wildschweinbraten nach R\u00e4uberart<br>Veilchenkrauttorte<\/p>\n\n\n\n<p><strong>5 Prinzessin Karotte<\/strong><br>Rote Kartoffeln mit roter oder pinkfarbener So\u00dfe<br>Glasierte Karotten<br>Prinzessinnensalat<\/p>\n\n\n\n<p><strong>6 Die drei Aufgaben<\/strong><br>Ebereschenmarmelade, Ebereschenmus und Ebereschensirup<\/p>\n\n\n\n<p><strong>7 Ungew\u00f6hnliche Freundschaften<\/strong><br>Sirup aus frischen Fr\u00fcchten<br>Pfefferminzsirup<br>Kr\u00e4utersirup<\/p>\n\n\n\n<p><strong>8 Die alte Eiche<\/strong><br>Eichelkaffee<br>Herbstwalddessert<br>Eberhards Lieblingsrosinenbrot<\/p>\n\n\n\n<p><strong>9 Die Pupsriesengeschichte<\/strong><br>Krautwickel nach Art des Gasthauses zur R\u00e4uberh\u00f6hle<br>Bunter Sommer-Krautsalat<\/p>\n\n\n\n<p><strong>10 Der fremde Reisende<\/strong><br>Dattelpralinen<\/p>\n\n\n\n<p><strong>11 Seerosentr\u00e4ume<\/strong><br>Seerosen nach Art des Gasthauses zur R\u00e4uberh\u00f6hle<\/p>\n\n\n\n<p><strong>12 Das vergessene Apfelbaumtal<\/strong><br>Kohl mit \u00c4pfeln und Curry<\/p>\n\n\n\n<p><strong>13 Ein K\u00f6nig auf dem Pilgerweg<\/strong><br>Spitzwegerichsuppe mit Hopfentrieben<\/p>\n\n\n\n<p><strong>14 Wie die R\u00e4uber Bruder Herbarius kennen lernten<\/strong><br>K\u00fcrbiswaffeln mit Hagebuttensahne<br>Hagebuttenmark (\u201eH\u00e4gemark\u201c)<br>Beinwell in Pfannkuchenteig mit Ziegenk\u00e4se<\/p>\n\n\n\n<p><strong>15 Der Schmetterling mit den gr\u00fcnen Punkten<\/strong><br>Erbsennudeln mit Pfefferminzpesto<br>Erbsen-Brotaufstrich<\/p>\n\n\n\n<p><strong>16 Olaf, der Seemann<\/strong><br>Herstellung von milchsauer vergorenem Gem\u00fcse<br>Sauerkrautschnecken<\/p>\n\n\n\n<p><strong>17 Die Sonnenprinzessin<\/strong><br>Sanddorndessert<\/p>\n\n\n\n<p><strong>18 Der tanzende Birnbaum<\/strong><br>Einfacher Birnenkuchen<br>Herbstlicher Salat mit Birnen<\/p>\n","protected":false},"excerpt":{"rendered":"<p>M\u00e4rchenbuch \u201eGro\u00dfmutter Feuerbohne und andere Obst- und Gem\u00fcsem\u00e4rchen\u201c 18 M\u00e4rchen \u00fcber wilde und weniger wilde Obst- und Gem\u00fcsearten, aus dem heimischen Garten oder aus Wald und Wiese. Jedes M\u00e4rchen ist zauberhaft farbig illustriert von Nicole Nedoh, und zu jedem gibt es Informationen zu den Pflanzen und Kochrezepte. Format 21 x 27,5 cm, Softcover mit Klebebindung, &hellip; <\/p>\n<p class=\"link-more\"><a href=\"http:\/\/ursula-bertsch.de\/?page_id=659\" class=\"more-link\"><span class=\"screen-reader-text\">\u201eGro\u00dfmutter Feuerbohne\u201c<\/span> weiterlesen<\/a><\/p>\n","protected":false},"author":1,"featured_media":0,"parent":0,"menu_order":0,"comment_status":"closed","ping_status":"closed","template":"","meta":{"footnotes":""},"class_list":["post-659","page","type-page","status-publish","hentry"],"_links":{"self":[{"href":"http:\/\/ursula-bertsch.de\/index.php?rest_route=\/wp\/v2\/pages\/659","targetHints":{"allow":["GET"]}}],"collection":[{"href":"http:\/\/ursula-bertsch.de\/index.php?rest_route=\/wp\/v2\/pages"}],"about":[{"href":"http:\/\/ursula-bertsch.de\/index.php?rest_route=\/wp\/v2\/types\/page"}],"author":[{"embeddable":true,"href":"http:\/\/ursula-bertsch.de\/index.php?rest_route=\/wp\/v2\/users\/1"}],"replies":[{"embeddable":true,"href":"http:\/\/ursula-bertsch.de\/index.php?rest_route=%2Fwp%2Fv2%2Fcomments&post=659"}],"version-history":[{"count":3,"href":"http:\/\/ursula-bertsch.de\/index.php?rest_route=\/wp\/v2\/pages\/659\/revisions"}],"predecessor-version":[{"id":700,"href":"http:\/\/ursula-bertsch.de\/index.php?rest_route=\/wp\/v2\/pages\/659\/revisions\/700"}],"wp:attachment":[{"href":"http:\/\/ursula-bertsch.de\/index.php?rest_route=%2Fwp%2Fv2%2Fmedia&parent=659"}],"curies":[{"name":"wp","href":"https:\/\/api.w.org\/{rel}","templated":true}]}}