{"id":720,"date":"2021-07-16T08:44:22","date_gmt":"2021-07-16T08:44:22","guid":{"rendered":"http:\/\/ursula-bertsch.de\/?page_id=720"},"modified":"2025-08-27T19:35:37","modified_gmt":"2025-08-27T19:35:37","slug":"uebersicht-2","status":"publish","type":"page","link":"http:\/\/ursula-bertsch.de\/","title":{"rendered":"\u00dcbersicht"},"content":{"rendered":"\n<div><div aria-live=\"polite\" id=\"soliloquy-container-867_1\" class=\"soliloquy-container soliloquy-transition-fade  soliloquy-theme-base\" style=\"max-width:960px;max-height:960px;\"><ul id=\"soliloquy-867_1\" class=\"soliloquy-slider soliloquy-slides soliloquy-wrap soliloquy-clear\"><li aria-hidden=\"true\" class=\"soliloquy-item soliloquy-item-1 soliloquy-image-slide\" draggable=\"false\" style=\"list-style:none\"><img decoding=\"async\" id=\"soliloquy-image-304\" class=\"soliloquy-image soliloquy-image-1\" src=\"http:\/\/ursula-bertsch.de\/wp-content\/uploads\/2017\/12\/Helen-im-Gras-2-960x960_c.jpg\" alt=\"Helen im Gras 2\" \/><\/li><li aria-hidden=\"true\" class=\"soliloquy-item soliloquy-item-2 soliloquy-image-slide\" draggable=\"false\" style=\"list-style:none\"><img decoding=\"async\" id=\"soliloquy-image-276\" class=\"soliloquy-image soliloquy-image-2\" src=\"http:\/\/ursula-bertsch.de\/wp-content\/uploads\/2017\/12\/Foto-037-960x960_c.jpg\" alt=\"Foto 037\" \/><\/li><li aria-hidden=\"true\" class=\"soliloquy-item soliloquy-item-3 soliloquy-image-slide\" draggable=\"false\" style=\"list-style:none\"><img decoding=\"async\" id=\"soliloquy-image-403\" class=\"soliloquy-image soliloquy-image-3\" src=\"http:\/\/ursula-bertsch.de\/wp-content\/uploads\/2018\/01\/L\u00f6wenzahn2-960x960_c.jpg\" alt=\"_L\u00f6wenzahn2\" \/><\/li><li aria-hidden=\"true\" class=\"soliloquy-item soliloquy-item-4 soliloquy-image-slide\" draggable=\"false\" style=\"list-style:none\"><img decoding=\"async\" id=\"soliloquy-image-649\" class=\"soliloquy-image soliloquy-image-4\" src=\"http:\/\/ursula-bertsch.de\/wp-content\/uploads\/2020\/07\/Feuerbohnenkerne-scaled-960x960_c.jpg\" alt=\"Feuerbohnenkerne\" \/><\/li><li aria-hidden=\"true\" class=\"soliloquy-item soliloquy-item-5 soliloquy-image-slide\" draggable=\"false\" style=\"list-style:none\"><img decoding=\"async\" id=\"soliloquy-image-909\" class=\"soliloquy-image soliloquy-image-5\" src=\"http:\/\/ursula-bertsch.de\/wp-content\/uploads\/2025\/08\/Fuer-Homepage-2025-4-960x960_c.jpg\" alt=\"F\u00fcr Homepage 2025 (4)\" \/><\/li><li aria-hidden=\"true\" class=\"soliloquy-item soliloquy-item-6 soliloquy-image-slide\" draggable=\"false\" style=\"list-style:none\"><img decoding=\"async\" id=\"soliloquy-image-911\" class=\"soliloquy-image soliloquy-image-6\" src=\"http:\/\/ursula-bertsch.de\/wp-content\/uploads\/2025\/08\/Fuer-Homepage-2025-6-scaled-960x960_c.jpg\" alt=\"F\u00fcr Homepage 2025 (6)\" \/><\/li><li aria-hidden=\"true\" class=\"soliloquy-item soliloquy-item-7 soliloquy-image-slide\" draggable=\"false\" style=\"list-style:none\"><img decoding=\"async\" id=\"soliloquy-image-912\" class=\"soliloquy-image soliloquy-image-7\" src=\"http:\/\/ursula-bertsch.de\/wp-content\/uploads\/2025\/08\/Fuer-Homepage-2025-7-scaled-960x960_c.jpg\" alt=\"F\u00fcr Homepage 2025 (7)\" \/><\/li><li aria-hidden=\"true\" class=\"soliloquy-item soliloquy-item-8 soliloquy-image-slide\" draggable=\"false\" style=\"list-style:none\"><img decoding=\"async\" id=\"soliloquy-image-913\" class=\"soliloquy-image soliloquy-image-8\" src=\"http:\/\/ursula-bertsch.de\/wp-content\/uploads\/2025\/08\/Fuer-Homepage-2025-8-scaled-960x960_c.jpg\" alt=\"F\u00fcr Homepage 2025 (8)\" \/><\/li><li aria-hidden=\"true\" class=\"soliloquy-item soliloquy-item-9 soliloquy-image-slide\" draggable=\"false\" style=\"list-style:none\"><img decoding=\"async\" id=\"soliloquy-image-907\" class=\"soliloquy-image soliloquy-image-9\" src=\"http:\/\/ursula-bertsch.de\/wp-content\/uploads\/2025\/08\/Fuer-Homepage-2025-2-scaled-960x960_c.jpg\" alt=\"F\u00fcr Homepage 2025 (2)\" \/><\/li><li aria-hidden=\"true\" class=\"soliloquy-item soliloquy-item-10 soliloquy-image-slide\" draggable=\"false\" style=\"list-style:none\"><img decoding=\"async\" id=\"soliloquy-image-920\" class=\"soliloquy-image soliloquy-image-10\" src=\"http:\/\/ursula-bertsch.de\/wp-content\/uploads\/2025\/08\/Fuer-Homepage-2025-3-960x960_c.jpg\" alt=\"F\u00fcr Homepage 2025 (3)\" \/><\/li><\/ul><\/div><noscript><style type=\"text\/css\">#soliloquy-container-867_1{opacity:1}<\/style><\/noscript><\/div>\n\n\n\n<h1 class=\"wp-block-heading\">M\u00e4rchenbuch&nbsp;\u201eWilma Walnuss und andere Heilpflanzenm\u00e4rchen\u201c<\/h1>\n\n\n\n<p>28 M\u00e4rchen \u00fcber Heilpflanzen, von denen die meisten direkt um die Ecke in Wiese, Wald und Garten zu finden sind. Jedes M\u00e4rchen ist zauberhaft farbig illustriert von Nicole Nedoh, dazu gibt es Informationen zu den Pflanzen und Rezepte f\u00fcr Heilkunde oder K\u00fcche.<\/p>\n\n\n\n<p>Format 21 x 27,5 cm, Softcover mit Klebebindung, 216 Seiten<\/p>\n\n\n\n<p>29,00 \u20ac<\/p>\n\n\n\n<p>Hier das Umschlagbild und ein paar Seiten zum Hineinschnuppern:<\/p>\n\n\n\n<p><strong>&nbsp;<\/strong><a href=\"http:\/\/ursula-bertsch.de\/?page_id=173\">Zum M\u00e4rchenbuch<\/a><\/p>\n\n\n\n<h1 class=\"wp-block-heading\">M\u00e4rchenbuch \u201eGro\u00dfmutter Feuerbohne und andere Obst- und Gem\u00fcsem\u00e4rchen\u201c<\/h1>\n\n\n\n<p>18 M\u00e4rchen \u00fcber wilde und weniger wilde Obst- und Gem\u00fcsearten, aus dem heimischen Garten oder aus Wald und Wiese. Jedes M\u00e4rchen ist zauberhaft farbig illustriert von Nicole Nedoh, und zu jedem gibt es Informationen zu den Pflanzen und Kochrezepte.<\/p>\n\n\n\n<p>Format 21 x 27,5 cm, Softcover mit Klebebindung, 212 Seiten<\/p>\n\n\n\n<p>29,00 \u20ac<\/p>\n\n\n\n<p>Hier das Umschlagbild und ein paar Seiten zum Hineinschnuppern:<\/p>\n\n\n\n<p><a href=\"http:\/\/ursula-bertsch.de\/?page_id=659\">Zum M\u00e4rchenbuch<\/a><\/p>\n\n\n\n<h1 class=\"wp-block-heading\">Kalender 2026<\/h1>\n\n\n\n<p>Farbige Illustration auf den Kalenderbl\u00e4ttern; dazu der M\u00e4rchentext auf einem jeweils gesonderten Blatt.<\/p>\n\n\n\n<p>Heilpflanzen- und Gem\u00fcsem\u00e4rchen aus den beiden B\u00fcchern, dazu neue M\u00e4rchen.<\/p>\n\n\n\n<p>DinA 4 Format, 14,00 Euro, ab 15. Februar des Kalenderjahres 8 Euro<\/p>\n\n\n\n<p>Hier ein paar Seiten zum Hineinschnuppern:<\/p>\n\n\n\n<p><a href=\"https:\/\/ursula-bertsch.de\/?page_id=880\" target=\"_blank\" rel=\"noopener\">Zum Kalender<\/a><\/p>\n\n\n\n<h1 class=\"wp-block-heading\"><a id=\"Uebersicht_Hoerbuch\"><\/a>H\u00f6rbuch als CD<\/h1>\n\n\n\n<p>Auf der CD erz\u00e4hle ich 6 Heilpflanzenm\u00e4rchen:<\/p>\n\n\n\n<p>&#8211; Sternenstaub oder wie die Pflanzen auf die Erde kamen<\/p>\n\n\n\n<p>&#8211; Minta und Melissander<\/p>\n\n\n\n<p>&#8211; Die Geschichte des Fl\u00f6tenspielers<\/p>\n\n\n\n<p>&#8211; Von den B\u00e4umen kannst Du alles lernen<\/p>\n\n\n\n<p>&#8211; Mutig wie der L\u00f6wenzahn<\/p>\n\n\n\n<p>&#8211; Nichts geht verloren<\/p>\n\n\n\n<p>Nicole Weber begleitet die M\u00e4rchen musikalisch mit Melodien, T\u00f6nen und Kl\u00e4ngen verschiedenster Instrumente.<\/p>\n\n\n\n<p>Preis: 14 Euro<\/p>\n\n\n\n<p><a href=\"http:\/\/ursula-bertsch.de\/?page_id=338\">Zum H\u00f6rbuch<\/a><\/p>\n\n\n\n<h1 class=\"wp-block-heading\"><a id=\"Uebersicht_DieSpracheDerPflanzen\"><\/a>Die Sprache der Pflanzen<\/h1>\n\n\n\n<p>&#8230;auch ein Pflanzenm\u00e4rchen, aber etwas anders als die anderen&#8230;<\/p>\n\n\n\n<p>Eine sehr m\u00e4rchenhafte Geschichte von Pflanzen und Menschen, von Zwergen und Elfen, von einem b\u00f6sen Zauberer und einem kleinen goldenen Herzen&#8230; von Begegnungen und Wandlungen&#8230;<\/p>\n\n\n\n<p>(35 Seiten,&nbsp;als Din A 5-Brosch\u00fcre geklammert,&nbsp;5 Euro)<\/p>\n\n\n\n<p><a href=\"http:\/\/ursula-bertsch.de\/?page_id=246\">Leseproben<\/a><\/p>\n\n\n\n<h1 class=\"wp-block-heading\">M\u00e4rchenhafte Pflanzenkarten<\/h1>\n\n\n\n<p>Pakete mit je sieben Karten, pro Paket 5\u20ac: <a href=\"http:\/\/ursula-bertsch.de\/?page_id=737\">M\u00e4rchenhafte Pflanzenkarten<\/a><\/p>\n\n\n\n<h1 class=\"wp-block-heading\">Heilpflanzenartikel<\/h1>\n\n\n\n<p>aus der Zeitschrift &#8222;Holunderelfe&#8220;:&nbsp;<a href=\"http:\/\/ursula-bertsch.de\/?page_id=744\">Heilplanzenartikel<\/a><\/p>\n\n\n\n<h1 class=\"wp-block-heading\">Audios<\/h1>\n\n\n\n<p>M\u00e4rchenaudios:&nbsp;<a href=\"http:\/\/ursula-bertsch.de\/?page_id=682\">Audios<\/a><\/p>\n\n\n\n<h1 class=\"wp-block-heading\">Heilpflanzenm\u00e4rchen-Erz\u00e4hlen<\/h1>\n\n\n\n<p>Heilpflanzenm\u00e4rchen-Erz\u00e4hlen, verbunden mit Informationen \u00fcber die Pflanzen, mit oder ohne musikalische Begleitung, auf Anfrage.<\/p>\n\n\n\n<p><span style=\"color: #008000;\">Die M\u00e4rchen d\u00fcrfen gerne auch auf \u00f6ffentlichen Veranstaltungen vorgelesen oder erz\u00e4hlte werden. Einzelne M\u00e4rchen d\u00fcrfen kopiert und weitergegeben werden, an KursteilnehmerInnen, f\u00fcr Elternabende, kranke Kolleginnen, neugierige Kinder, wissbegierige Gro\u00dfm\u00fctter und -v\u00e4ter, m\u00e4rchenhafte Nachbarn&#8230; \u2013 nur so zum Beispiel!<\/span><\/p>\n","protected":false},"excerpt":{"rendered":"<p>Dies ist der Auszug f\u00fcr die Startseite.<\/p>\n","protected":false},"author":1,"featured_media":0,"parent":0,"menu_order":1,"comment_status":"closed","ping_status":"closed","template":"","meta":{"footnotes":""},"class_list":["post-720","page","type-page","status-publish","hentry"],"_links":{"self":[{"href":"http:\/\/ursula-bertsch.de\/index.php?rest_route=\/wp\/v2\/pages\/720","targetHints":{"allow":["GET"]}}],"collection":[{"href":"http:\/\/ursula-bertsch.de\/index.php?rest_route=\/wp\/v2\/pages"}],"about":[{"href":"http:\/\/ursula-bertsch.de\/index.php?rest_route=\/wp\/v2\/types\/page"}],"author":[{"embeddable":true,"href":"http:\/\/ursula-bertsch.de\/index.php?rest_route=\/wp\/v2\/users\/1"}],"replies":[{"embeddable":true,"href":"http:\/\/ursula-bertsch.de\/index.php?rest_route=%2Fwp%2Fv2%2Fcomments&post=720"}],"version-history":[{"count":19,"href":"http:\/\/ursula-bertsch.de\/index.php?rest_route=\/wp\/v2\/pages\/720\/revisions"}],"predecessor-version":[{"id":905,"href":"http:\/\/ursula-bertsch.de\/index.php?rest_route=\/wp\/v2\/pages\/720\/revisions\/905"}],"wp:attachment":[{"href":"http:\/\/ursula-bertsch.de\/index.php?rest_route=%2Fwp%2Fv2%2Fmedia&parent=720"}],"curies":[{"name":"wp","href":"https:\/\/api.w.org\/{rel}","templated":true}]}}