{"id":173,"date":"2017-12-24T15:33:24","date_gmt":"2017-12-24T13:33:24","guid":{"rendered":"https:\/\/mabewptest1.wordpress.com\/?page_id=173"},"modified":"2021-05-28T07:55:03","modified_gmt":"2021-05-28T07:55:03","slug":"wilma-walnuss","status":"publish","type":"page","link":"https:\/\/ursula-bertsch.de\/?page_id=173","title":{"rendered":"Wilma Walnuss"},"content":{"rendered":"<h1>M\u00e4rchenbuch \u201eWilma Walnuss und andere Heilpflanzenm\u00e4rchen\u201c<\/h1>\n<p>28 M\u00e4rchen \u00fcber Heilpflanzen, von denen die meisten direkt um die Ecke in Wiese, Wald und Garten zu finden sind. Jedes M\u00e4rchen ist zauberhaft farbig illustriert von Nicole Nedoh, dazu gibt es Informationen zu den Pflanzen und Rezepte f\u00fcr Heilkunde oder K\u00fcche.<\/p>\n<p>Format 21 x 27,5 cm, Softcover mit Klebebindung, 216 Seiten<br>\n29,00 \u20ac<br>\nHier das Umschlagbild und ein paar Seiten zum Hineinschnuppern:<\/p>\n<p><img loading=\"lazy\" decoding=\"async\" class=\"alignnone size-full wp-image-651\" src=\"http:\/\/ursula-bertsch.de\/wp-content\/uploads\/2020\/07\/Wilma-WAlnuss-Umschlagbild.png\" alt=\"\" width=\"1435\" height=\"914\" srcset=\"https:\/\/ursula-bertsch.de\/wp-content\/uploads\/2020\/07\/Wilma-WAlnuss-Umschlagbild.png 1435w, https:\/\/ursula-bertsch.de\/wp-content\/uploads\/2020\/07\/Wilma-WAlnuss-Umschlagbild-300x191.png 300w, https:\/\/ursula-bertsch.de\/wp-content\/uploads\/2020\/07\/Wilma-WAlnuss-Umschlagbild-1024x652.png 1024w, https:\/\/ursula-bertsch.de\/wp-content\/uploads\/2020\/07\/Wilma-WAlnuss-Umschlagbild-768x489.png 768w\" sizes=\"auto, (max-width: 767px) 89vw, (max-width: 1000px) 54vw, (max-width: 1071px) 543px, 580px\" \/><\/p>\n<p><img loading=\"lazy\" decoding=\"async\" class=\"alignnone size-full wp-image-189\" src=\"https:\/\/mabewptest1.files.wordpress.com\/2017\/12\/bild-4.png\" alt=\"Bild 4\" width=\"1300\" height=\"856\"><img loading=\"lazy\" decoding=\"async\" class=\"alignnone size-full wp-image-188\" src=\"https:\/\/mabewptest1.files.wordpress.com\/2017\/12\/bild-3.png\" alt=\"Bild 3\" width=\"1298\" height=\"854\"><img loading=\"lazy\" decoding=\"async\" class=\"alignnone size-full wp-image-187\" src=\"https:\/\/mabewptest1.files.wordpress.com\/2017\/12\/bild-2.png\" alt=\"Bild 2\" width=\"1280\" height=\"858\"><img loading=\"lazy\" decoding=\"async\" class=\"alignnone size-full wp-image-186\" src=\"https:\/\/mabewptest1.files.wordpress.com\/2017\/12\/bild-1.png\" alt=\"Bild 1\" width=\"1256\" height=\"855\"><br>\n<img loading=\"lazy\" decoding=\"async\" class=\" size-full wp-image-176 aligncenter\" src=\"https:\/\/mabewptest1.files.wordpress.com\/2017\/12\/bild-9.png\" alt=\"Bild 9\" width=\"481\" height=\"639\"><\/p>\n\n\n<h2 class=\"wp-block-heading\">Inhaltsverzeichnis<\/h2>\n\n\n\n<p><strong>1 Sternenstaub oder wie die Pflanzen auf unsere Erde kamen<\/strong><br><em>Raun\u00e4chte<\/em><\/p>\n\n\n\n<p><strong>2 Wertvoller als Gold<\/strong><br><em>B\u00e4rlauch<\/em><\/p>\n\n\n\n<p><strong>3 Die Drachenbergsuppe<\/strong><br>W<em>ildkr\u00e4utersuppe<\/em><\/p>\n\n\n\n<p><strong>4 Eine Wurzelliebe<\/strong><br><em>Beinwell<\/em><\/p>\n\n\n\n<p><strong>5 Die M\u00fchle am Fluss<\/strong><br><em>Brennnessel<\/em><\/p>\n\n\n\n<p><strong>6 Mutig wie der L\u00f6wenzahn<\/strong><br><em>L\u00f6wenzahn<\/em><\/p>\n\n\n\n<p><strong>7 Ein ganz besonderer Montag&#8230;.<\/strong><br><em>Lavendel<\/em><\/p>\n\n\n\n<p><strong>8 Holundergeschichten<\/strong><br><em>Holunder<\/em><\/p>\n\n\n\n<p><strong>9 Die Prinzessin mit dem roten Kleid<br><\/strong><em>Kapuzinerkresse und Meerrettich.<\/em><\/p>\n\n\n\n<p><strong>10 Minta und Melissander*<\/strong><br><em>Kr\u00e4utertees und Wiesenkr\u00e4uter<\/em><\/p>\n\n\n\n<p><strong>11 Von den B\u00e4umen kannst du alles lernen&#8230;<\/strong>&nbsp;<br><em>Birke<\/em><\/p>\n\n\n\n<p><strong>12 Wie man einen richtigen Schatz finden kann<\/strong><br><em>Nachtkerze<\/em><\/p>\n\n\n\n<p><strong>13 Vom Duft der Rosen<br><\/strong><em>Rose<\/em><\/p>\n\n\n\n<p><strong>14 Die Kr\u00e4fte des Tages, die Kr\u00e4fte der Nacht<\/strong><br><em>Johanniskraut und Baldrian<\/em><\/p>\n\n\n\n<p><strong>15 Nichts geht verloren<\/strong><br><em>Beifu\u00df<\/em><\/p>\n\n\n\n<p><strong>16 Arnika<br><\/strong><em>Arnika<\/em><\/p>\n\n\n\n<p><strong>17 Wie die Kunst des F\u00e4rbens in das Dorf am Wald kam<\/strong><br><em>Pflanzenf\u00e4rben mit Walnuss<\/em><\/p>\n\n\n\n<p><strong>18 Heidelbeere und Blutwurz<\/strong><br><em>Heidelbeere und Blutwurz<\/em><\/p>\n\n\n\n<p><strong>19 Es war einmal ein alter Griesgram<\/strong><br><em>K\u00f6nigskerze<\/em><\/p>\n\n\n\n<p><strong>20 Die Zauberkissen<\/strong><br><em>Kr\u00e4uterkissen<\/em><\/p>\n\n\n\n<p><strong>21 Eine wunderbar lange Reise<\/strong><br><em>Sonnenblume<\/em><\/p>\n\n\n\n<p><strong>22 Wilma Walnuss<\/strong><br><em>Walnuss und Apfel<\/em><\/p>\n\n\n\n<p><strong>23 Freundinnen sind etwas Wunderbares<br><\/strong><em>Zwiebel<\/em><\/p>\n\n\n\n<p><strong>24 Drachenpuppe<br><\/strong><em>Alraune<\/em><\/p>\n\n\n\n<p><strong>25 Engel wurzeln im Klostergarten<br><\/strong><em>Engelwurz<\/em><\/p>\n\n\n\n<p><strong>26 Die Geschichte des Fl\u00f6tenspielers<br><\/strong><em>Weide<\/em><\/p>\n\n\n\n<p><strong>27 Die Eisb\u00e4rensuche<br><\/strong><em>Hustentee, (Kinder-) Punsch, Fu\u00dfbad<\/em><\/p>\n\n\n\n<p><strong>28 Weihnachten im Wald<br><\/strong><em>Baumheilkunde<\/em><\/p>\n\n\n\n<p style=\"line-height:1\"><br><\/p>\n\n\n\n<p><em><br><br><\/em><\/p>\n","protected":false},"excerpt":{"rendered":"<p>M\u00e4rchenbuch \u201eWilma Walnuss und andere Heilpflanzenm\u00e4rchen\u201c 28 M\u00e4rchen \u00fcber Heilpflanzen, von denen die meisten direkt um die Ecke in Wiese, Wald und Garten zu finden sind. Jedes M\u00e4rchen ist zauberhaft farbig illustriert von Nicole Nedoh, dazu gibt es Informationen zu den Pflanzen und Rezepte f\u00fcr Heilkunde oder K\u00fcche. Format 21 x 27,5 cm, Softcover mit &hellip; <\/p>\n<p class=\"link-more\"><a href=\"https:\/\/ursula-bertsch.de\/?page_id=173\" class=\"more-link\"><span class=\"screen-reader-text\">\u201eWilma Walnuss\u201c <\/span>weiterlesen<\/a><\/p>\n","protected":false},"author":1,"featured_media":0,"parent":0,"menu_order":0,"comment_status":"closed","ping_status":"closed","template":"","meta":{"footnotes":""},"class_list":["post-173","page","type-page","status-publish","hentry"],"_links":{"self":[{"href":"https:\/\/ursula-bertsch.de\/index.php?rest_route=\/wp\/v2\/pages\/173","targetHints":{"allow":["GET"]}}],"collection":[{"href":"https:\/\/ursula-bertsch.de\/index.php?rest_route=\/wp\/v2\/pages"}],"about":[{"href":"https:\/\/ursula-bertsch.de\/index.php?rest_route=\/wp\/v2\/types\/page"}],"author":[{"embeddable":true,"href":"https:\/\/ursula-bertsch.de\/index.php?rest_route=\/wp\/v2\/users\/1"}],"replies":[{"embeddable":true,"href":"https:\/\/ursula-bertsch.de\/index.php?rest_route=%2Fwp%2Fv2%2Fcomments&post=173"}],"version-history":[{"count":4,"href":"https:\/\/ursula-bertsch.de\/index.php?rest_route=\/wp\/v2\/pages\/173\/revisions"}],"predecessor-version":[{"id":702,"href":"https:\/\/ursula-bertsch.de\/index.php?rest_route=\/wp\/v2\/pages\/173\/revisions\/702"}],"wp:attachment":[{"href":"https:\/\/ursula-bertsch.de\/index.php?rest_route=%2Fwp%2Fv2%2Fmedia&parent=173"}],"curies":[{"name":"wp","href":"https:\/\/api.w.org\/{rel}","templated":true}]}}