{"id":338,"date":"2017-12-30T17:21:43","date_gmt":"2017-12-30T17:21:43","guid":{"rendered":"http:\/\/ursula-bertsch.de\/?page_id=338"},"modified":"2018-01-10T14:44:31","modified_gmt":"2018-01-10T14:44:31","slug":"hoerbuch-als-cd","status":"publish","type":"page","link":"https:\/\/ursula-bertsch.de\/?page_id=338","title":{"rendered":"H\u00f6rbuch als CD"},"content":{"rendered":"<h1>H\u00f6rbuch CD Pflanzenm\u00e4rchen<\/h1>\n<p>von Ursula Bertsch mit Musik von Nicole Weber<\/p>\n<p>Auf der CD erz\u00e4hle ich 6 Heilpflanzenm\u00e4rchen:<\/p>\n<p>&#8211; Sternenstaub oder wie die Pflanzen auf die Erde kamen<br \/>\n&#8211; Minta und Melissander<br \/>\n&#8211; Die Geschichte des Fl\u00f6tenspielers<br \/>\n&#8211; Von den B\u00e4umen kannst Du alles lernen<br \/>\n&#8211; Mutig wie der L\u00f6wenzahn<br \/>\n&#8211; Nichts geht verloren<\/p>\n<p>Nicole Weber begleitet die M\u00e4rchen musikalisch mit Melodien, T\u00f6nen und Kl\u00e4ngen verschiedenster Instrumente.<\/p>\n<p>Preis: 14 Euro<\/p>\n<p><img loading=\"lazy\" decoding=\"async\" class=\"size-full wp-image-339 aligncenter\" src=\"http:\/\/ursula-bertsch.de\/wp-content\/uploads\/2017\/12\/cdbooklet_1.jpg\" alt=\"\" width=\"1089\" height=\"360\" srcset=\"https:\/\/ursula-bertsch.de\/wp-content\/uploads\/2017\/12\/cdbooklet_1.jpg 1089w, https:\/\/ursula-bertsch.de\/wp-content\/uploads\/2017\/12\/cdbooklet_1-300x99.jpg 300w, https:\/\/ursula-bertsch.de\/wp-content\/uploads\/2017\/12\/cdbooklet_1-768x254.jpg 768w, https:\/\/ursula-bertsch.de\/wp-content\/uploads\/2017\/12\/cdbooklet_1-1024x339.jpg 1024w\" sizes=\"auto, (max-width: 767px) 89vw, (max-width: 1000px) 54vw, (max-width: 1071px) 543px, 580px\" \/><\/p>\n<p><img loading=\"lazy\" decoding=\"async\" class=\"size-full wp-image-340 aligncenter\" src=\"http:\/\/ursula-bertsch.de\/wp-content\/uploads\/2017\/12\/cdbooklet_2.jpg\" alt=\"\" width=\"1085\" height=\"362\" srcset=\"https:\/\/ursula-bertsch.de\/wp-content\/uploads\/2017\/12\/cdbooklet_2.jpg 1085w, https:\/\/ursula-bertsch.de\/wp-content\/uploads\/2017\/12\/cdbooklet_2-300x100.jpg 300w, https:\/\/ursula-bertsch.de\/wp-content\/uploads\/2017\/12\/cdbooklet_2-768x256.jpg 768w, https:\/\/ursula-bertsch.de\/wp-content\/uploads\/2017\/12\/cdbooklet_2-1024x342.jpg 1024w\" sizes=\"auto, (max-width: 767px) 89vw, (max-width: 1000px) 54vw, (max-width: 1071px) 543px, 580px\" \/><\/p>\n","protected":false},"excerpt":{"rendered":"<p>H\u00f6rbuch CD Pflanzenm\u00e4rchen von Ursula Bertsch mit Musik von Nicole Weber Auf der CD erz\u00e4hle ich 6 Heilpflanzenm\u00e4rchen: &#8211; Sternenstaub oder wie die Pflanzen auf die Erde kamen &#8211; Minta und Melissander &#8211; Die Geschichte des Fl\u00f6tenspielers &#8211; Von den B\u00e4umen kannst Du alles lernen &#8211; Mutig wie der L\u00f6wenzahn &#8211; Nichts geht verloren Nicole &hellip; <\/p>\n<p class=\"link-more\"><a href=\"https:\/\/ursula-bertsch.de\/?page_id=338\" class=\"more-link\"><span class=\"screen-reader-text\">\u201eH\u00f6rbuch als CD\u201c <\/span>weiterlesen<\/a><\/p>\n","protected":false},"author":1,"featured_media":0,"parent":0,"menu_order":0,"comment_status":"closed","ping_status":"closed","template":"","meta":{"footnotes":""},"class_list":["post-338","page","type-page","status-publish","hentry"],"_links":{"self":[{"href":"https:\/\/ursula-bertsch.de\/index.php?rest_route=\/wp\/v2\/pages\/338","targetHints":{"allow":["GET"]}}],"collection":[{"href":"https:\/\/ursula-bertsch.de\/index.php?rest_route=\/wp\/v2\/pages"}],"about":[{"href":"https:\/\/ursula-bertsch.de\/index.php?rest_route=\/wp\/v2\/types\/page"}],"author":[{"embeddable":true,"href":"https:\/\/ursula-bertsch.de\/index.php?rest_route=\/wp\/v2\/users\/1"}],"replies":[{"embeddable":true,"href":"https:\/\/ursula-bertsch.de\/index.php?rest_route=%2Fwp%2Fv2%2Fcomments&post=338"}],"version-history":[{"count":7,"href":"https:\/\/ursula-bertsch.de\/index.php?rest_route=\/wp\/v2\/pages\/338\/revisions"}],"predecessor-version":[{"id":443,"href":"https:\/\/ursula-bertsch.de\/index.php?rest_route=\/wp\/v2\/pages\/338\/revisions\/443"}],"wp:attachment":[{"href":"https:\/\/ursula-bertsch.de\/index.php?rest_route=%2Fwp%2Fv2%2Fmedia&parent=338"}],"curies":[{"name":"wp","href":"https:\/\/api.w.org\/{rel}","templated":true}]}}