{"id":41,"date":"2017-11-17T21:41:00","date_gmt":"2017-11-17T19:41:00","guid":{"rendered":"https:\/\/mabewptest1.wordpress.com\/?page_id=41"},"modified":"2023-08-21T14:17:29","modified_gmt":"2023-08-21T14:17:29","slug":"bestellung","status":"publish","type":"page","link":"https:\/\/ursula-bertsch.de\/?page_id=41","title":{"rendered":"Bestellung"},"content":{"rendered":"\n<h1 class=\"wp-block-heading\">Bestellung<\/h1>\n\n\n\n<p>M\u00e4rchen, Kalender und CD schicke ich Ihnen per Post zu, (nicht per e-mail), die Rechnung liegt bei.<\/p>\n\n\n\n<p>Copyright bei Ursula Bertsch, die CD darf gegen eine Geb\u00fchr von 6,00 Euro kopiert werden.<\/p>\n\n\n\n<p>Porto und Verpackung betragen:<br>&#8211; innerhalb Deutschlands 3,00 Euro<br>&#8211; au\u00dferhalb Deutschlands werden die tats\u00e4chlichen Portokosten in Rechnung gestellt (derzeit 7 Euro f\u00fcr ein Buch)<br>&#8211; au\u00dferhalb der EU kann das Porto nochmals h\u00f6her sein, und es fallen in der Regel zus\u00e4tzliche Zollgeb\u00fchren an<\/p>\n\n\n\n<p><\/p>\n\n\n\n<p>Bestellungen bitte \u00fcber das Kontaktformular: <a href=\"http:\/\/ursula-bertsch.de\/?page_id=9\">Kontakt<\/a><\/p>\n\n\n\n<p>Alle meine Produkte gibt es \u00fcblicherweise nicht im Buchhandel; das M\u00e4rchenbuch und z.T. der Kalender k\u00f6nnen auch erworben werden bei:<br><a href=\"http:\/\/ursula-bertsch.de\/?page_id=46\">Liste der Wiederverk\u00e4ufer<\/a><\/p>\n","protected":false},"excerpt":{"rendered":"<p>Bestellung M\u00e4rchen, Kalender und CD schicke ich Ihnen per Post zu, (nicht per e-mail), die Rechnung liegt bei. Copyright bei Ursula Bertsch, die CD darf gegen eine Geb\u00fchr von 6,00 Euro kopiert werden. Porto und Verpackung betragen:&#8211; innerhalb Deutschlands 3,00 Euro&#8211; au\u00dferhalb Deutschlands werden die tats\u00e4chlichen Portokosten in Rechnung gestellt (derzeit 7 Euro f\u00fcr ein &hellip; <\/p>\n<p class=\"link-more\"><a href=\"https:\/\/ursula-bertsch.de\/?page_id=41\" class=\"more-link\"><span class=\"screen-reader-text\">\u201eBestellung\u201c <\/span>weiterlesen<\/a><\/p>\n","protected":false},"author":1,"featured_media":0,"parent":0,"menu_order":0,"comment_status":"closed","ping_status":"closed","template":"","meta":{"footnotes":""},"class_list":["post-41","page","type-page","status-publish","hentry"],"_links":{"self":[{"href":"https:\/\/ursula-bertsch.de\/index.php?rest_route=\/wp\/v2\/pages\/41","targetHints":{"allow":["GET"]}}],"collection":[{"href":"https:\/\/ursula-bertsch.de\/index.php?rest_route=\/wp\/v2\/pages"}],"about":[{"href":"https:\/\/ursula-bertsch.de\/index.php?rest_route=\/wp\/v2\/types\/page"}],"author":[{"embeddable":true,"href":"https:\/\/ursula-bertsch.de\/index.php?rest_route=\/wp\/v2\/users\/1"}],"replies":[{"embeddable":true,"href":"https:\/\/ursula-bertsch.de\/index.php?rest_route=%2Fwp%2Fv2%2Fcomments&post=41"}],"version-history":[{"count":7,"href":"https:\/\/ursula-bertsch.de\/index.php?rest_route=\/wp\/v2\/pages\/41\/revisions"}],"predecessor-version":[{"id":843,"href":"https:\/\/ursula-bertsch.de\/index.php?rest_route=\/wp\/v2\/pages\/41\/revisions\/843"}],"wp:attachment":[{"href":"https:\/\/ursula-bertsch.de\/index.php?rest_route=%2Fwp%2Fv2%2Fmedia&parent=41"}],"curies":[{"name":"wp","href":"https:\/\/api.w.org\/{rel}","templated":true}]}}