{"id":682,"date":"2021-05-16T16:27:41","date_gmt":"2021-05-16T16:27:41","guid":{"rendered":"http:\/\/ursula-bertsch.de\/?page_id=682"},"modified":"2025-08-27T19:58:49","modified_gmt":"2025-08-27T19:58:49","slug":"audios","status":"publish","type":"page","link":"https:\/\/ursula-bertsch.de\/?page_id=682","title":{"rendered":"Audios"},"content":{"rendered":"\n<h2 class=\"wp-block-heading\">Erz\u00e4hlungen aus dem Buch &#8222;Wilma Walnuss und andere Heilpflanzenm\u00e4rchen&#8220;<\/h2>\n\n\n\n<h3 class=\"wp-block-heading\">Mutig wie der L\u00f6wenzahn<\/h3>\n\n\n\n<figure class=\"wp-block-audio\"><audio controls src=\"http:\/\/ursula-bertsch.de\/wp-content\/uploads\/2021\/05\/Mutig-wie-der-Loewenzahn-4-21-Ursula-Bertsch.mp3\"><\/audio><\/figure>\n\n\n\n<h3 class=\"wp-block-heading\">Wilma Walnuss<\/h3>\n\n\n\n<figure class=\"wp-block-audio\"><audio controls src=\"http:\/\/ursula-bertsch.de\/wp-content\/uploads\/2021\/05\/Wilma-walnuss-4-21.mp3\"><\/audio><\/figure>\n\n\n\n<h3 class=\"wp-block-heading\">Engel wurzeln im Klostergarten<\/h3>\n\n\n\n<figure class=\"wp-block-audio\"><audio controls src=\"http:\/\/ursula-bertsch.de\/wp-content\/uploads\/2021\/05\/Engel-wurzeln-im-Klostergarten-aus-Wilma-Walnuss-und-andere-Heilpflanzenmaerchen.mp3\"><\/audio><\/figure>\n\n\n\n<h3 class=\"wp-block-heading\">Es war einmal ein alter Griesgram<\/h3>\n\n\n\n<figure class=\"wp-block-audio\"><audio controls src=\"http:\/\/ursula-bertsch.de\/wp-content\/uploads\/2021\/05\/Es-war-einmal-ein-alter-Griesgram-aus-Wilma-Walnuss-und-andere-Heilpflanzenmaerchen.mp3\"><\/audio><\/figure>\n\n\n\n<h3 class=\"wp-block-heading\">Von den B\u00e4umen kannst Du alles lernen<\/h3>\n\n\n\n<figure class=\"wp-block-audio\"><audio controls src=\"http:\/\/ursula-bertsch.de\/wp-content\/uploads\/2021\/05\/Von-den-Baeumen-kannst-Du-alles-lernen-aus-Wilma-Walnuss-und-andere-Heilpflanzenmaerchen.mp3\"><\/audio><\/figure>\n\n\n\n<h3 class=\"wp-block-heading\">Wertvoller als Gold<\/h3>\n\n\n\n<figure class=\"wp-block-audio\"><audio controls src=\"http:\/\/ursula-bertsch.de\/wp-content\/uploads\/2021\/05\/Wertvoller-als-Gold-aus-Wilma-Walnuss-und-andere-Heilpflanzenmaerchen.mp3\"><\/audio><\/figure>\n\n\n\n<h3 class=\"wp-block-heading\">Minta und Melissander<\/h3>\n\n\n\n<figure class=\"wp-block-audio\"><audio controls src=\"http:\/\/ursula-bertsch.de\/wp-content\/uploads\/2022\/01\/Minta-und-Melissander-Dez.-21.mp3\"><\/audio><\/figure>\n\n\n\n<h3 class=\"wp-block-heading\">Sternenstaub<\/h3>\n\n\n\n<figure class=\"wp-block-audio\"><audio controls src=\"http:\/\/ursula-bertsch.de\/wp-content\/uploads\/2022\/01\/Sternenstaub-Dez.21.mp3\"><\/audio><\/figure>\n\n\n\n<h3 class=\"wp-block-heading\">Weihnachten im Wald<\/h3>\n\n\n\n<figure class=\"wp-block-audio\"><audio controls src=\"http:\/\/ursula-bertsch.de\/wp-content\/uploads\/2022\/01\/Weihnachten-im-Wald-12-21.mp3\"><\/audio><\/figure>\n\n\n\n<h3 class=\"wp-block-heading\">Eine wunderbar lange Reise<\/h3>\n\n\n\n<figure class=\"wp-block-audio\"><audio controls src=\"http:\/\/ursula-bertsch.de\/wp-content\/uploads\/2025\/08\/Maerchen-Eine-wunderbar-lange-Reise.mp3\"><\/audio><\/figure>\n\n\n\n<h2 class=\"wp-block-heading\">Erz\u00e4hlungen aus dem Buch &#8222;Grossmutter Feuerbohne und andere Obst- und Gem\u00fcsem\u00e4rchen&#8220;<\/h2>\n\n\n\n<h3 class=\"wp-block-heading\">Gro\u00dfmutter Feuerbohnes Geschichte<\/h3>\n\n\n\n<figure class=\"wp-block-audio\"><audio controls src=\"http:\/\/ursula-bertsch.de\/wp-content\/uploads\/2021\/05\/Grossmutter-Feuerbohnes-Geschichte-aus-Grossmutter-Feuerbohne-und-andere-Obst-und-Gemuesemaerchen.mp3\"><\/audio><\/figure>\n\n\n\n<h3 class=\"wp-block-heading\">Die drei Aufgaben<\/h3>\n\n\n\n<figure class=\"wp-block-audio\"><audio controls src=\"http:\/\/ursula-bertsch.de\/wp-content\/uploads\/2021\/05\/Die-drei-Aufgaben-aus-Grossmutter-Feuerbohne-und-andere-Obst-und-Gemuesemaerchen.mp3\"><\/audio><\/figure>\n\n\n\n<h3 class=\"wp-block-heading\">Seerosentr\u00e4ume<\/h3>\n\n\n\n<figure class=\"wp-block-audio\"><audio controls src=\"http:\/\/ursula-bertsch.de\/wp-content\/uploads\/2025\/08\/Seerosentraeume-Maerchen.mp3\"><\/audio><\/figure>\n\n\n\n<h2 class=\"wp-block-heading\">Erz\u00e4hlung aus dem Kalender 2022<\/h2>\n\n\n\n<h3 class=\"wp-block-heading\">Das Mohnblumenm\u00e4rchen<\/h3>\n\n\n\n<figure class=\"wp-block-audio\"><audio controls src=\"http:\/\/ursula-bertsch.de\/wp-content\/uploads\/2022\/01\/Das-Mohnblumenmaerchen-12-21.mp3\"><\/audio><\/figure>\n\n\n\n<p><\/p>\n","protected":false},"excerpt":{"rendered":"<p>Erz\u00e4hlungen aus dem Buch &#8222;Wilma Walnuss und andere Heilpflanzenm\u00e4rchen&#8220; Mutig wie der L\u00f6wenzahn Wilma Walnuss Engel wurzeln im Klostergarten Es war einmal ein alter Griesgram Von den B\u00e4umen kannst Du alles lernen Wertvoller als Gold Minta und Melissander Sternenstaub Weihnachten im Wald Eine wunderbar lange Reise Erz\u00e4hlungen aus dem Buch &#8222;Grossmutter Feuerbohne und andere Obst- &hellip; <\/p>\n<p class=\"link-more\"><a href=\"https:\/\/ursula-bertsch.de\/?page_id=682\" class=\"more-link\"><span class=\"screen-reader-text\">\u201eAudios\u201c <\/span>weiterlesen<\/a><\/p>\n","protected":false},"author":1,"featured_media":0,"parent":0,"menu_order":0,"comment_status":"closed","ping_status":"closed","template":"","meta":{"footnotes":""},"class_list":["post-682","page","type-page","status-publish","hentry"],"_links":{"self":[{"href":"https:\/\/ursula-bertsch.de\/index.php?rest_route=\/wp\/v2\/pages\/682","targetHints":{"allow":["GET"]}}],"collection":[{"href":"https:\/\/ursula-bertsch.de\/index.php?rest_route=\/wp\/v2\/pages"}],"about":[{"href":"https:\/\/ursula-bertsch.de\/index.php?rest_route=\/wp\/v2\/types\/page"}],"author":[{"embeddable":true,"href":"https:\/\/ursula-bertsch.de\/index.php?rest_route=\/wp\/v2\/users\/1"}],"replies":[{"embeddable":true,"href":"https:\/\/ursula-bertsch.de\/index.php?rest_route=%2Fwp%2Fv2%2Fcomments&post=682"}],"version-history":[{"count":9,"href":"https:\/\/ursula-bertsch.de\/index.php?rest_route=\/wp\/v2\/pages\/682\/revisions"}],"predecessor-version":[{"id":925,"href":"https:\/\/ursula-bertsch.de\/index.php?rest_route=\/wp\/v2\/pages\/682\/revisions\/925"}],"wp:attachment":[{"href":"https:\/\/ursula-bertsch.de\/index.php?rest_route=%2Fwp%2Fv2%2Fmedia&parent=682"}],"curies":[{"name":"wp","href":"https:\/\/api.w.org\/{rel}","templated":true}]}}