{"id":8,"date":"2017-10-24T19:40:05","date_gmt":"2017-10-24T17:40:05","guid":{"rendered":"https:\/\/mabewptest1.wordpress.com\/?page_id=2"},"modified":"2025-08-27T19:20:32","modified_gmt":"2025-08-27T19:20:32","slug":"ueber","status":"publish","type":"page","link":"https:\/\/ursula-bertsch.de\/?page_id=8","title":{"rendered":"\u00dcber"},"content":{"rendered":"\n<p>Zu mir<\/p>\n\n\n\n<figure class=\"wp-block-image size-full\"><img loading=\"lazy\" decoding=\"async\" width=\"356\" height=\"394\" src=\"https:\/\/ursula-bertsch.de\/wp-content\/uploads\/2025\/08\/Foto-mit-Tasse-Fuer-Homepage-2025-.jpg\" alt=\"\" class=\"wp-image-899\" srcset=\"https:\/\/ursula-bertsch.de\/wp-content\/uploads\/2025\/08\/Foto-mit-Tasse-Fuer-Homepage-2025-.jpg 356w, https:\/\/ursula-bertsch.de\/wp-content\/uploads\/2025\/08\/Foto-mit-Tasse-Fuer-Homepage-2025--271x300.jpg 271w\" sizes=\"auto, (max-width: 356px) 100vw, 356px\" \/><\/figure>\n\n\n\n<p><\/p>\n\n\n\n<p>Geboren und aufgewachsen bin ich auf dem Land, umgeben von einem gro\u00dfen Garten, Wiesen und nahe am Wald. Pflanzen und die Verbundenheit mit ihnen war eine Selbstverst\u00e4ndlichkeit, auch wenn ich es damals vermutlich nicht so genannt h\u00e4tte.<\/p>\n\n\n\n<p>1980 studierte ich Sozialarbeit und war in verschiedenen Arbeitsfeldern beruflich t\u00e4tig. Das Interesse f\u00fcr (Heil)Pflanzen begleitete mich und wurde immer wichtiger, bis ich dann 1998 die Ausbildung zur Phytopraktikerin an der Freiburger Heilpflanzenschule machte. Jetzt folgten Zeiten, in denen ich (nebenberuflich) Kursleiterin und Referentin f\u00fcr Heilpflanzenkunde und Wildkr\u00e4uterk\u00fcche war, ab und an Artikel \u00fcber Heilpflanzen schrieb und, f\u00fcr mich ein besonders gro\u00dfes Geschenk, damit begann, M\u00e4rchen und Geschichten \u00fcber Heilpflanzen zu schreiben und zu erz\u00e4hlen. Nach und nach kamen Geschichten und M\u00e4rchen \u00fcber Obst und Gem\u00fcse dazu, also \u00fcber Gartengem\u00fcse, Wildgem\u00fcse, wilde Beeren, \u00c4pfel, Birnen und andere K\u00f6stlichkeiten \u2013 und es wurden und werden immer mehr!<br>Inzwischen gibt es zwei M\u00e4rchenb\u00fccher, und, wer wei\u00df&#8230;<\/p>\n\n\n\n<p>Wegen gesundheitlicher Einschr\u00e4nkungen bin ich schon eine gute Weile berentet (ja, trotz Heilpflanzenwissen und tiefer Verbundenheit mit den Pflanzen \u2026), zugleich ist es nach wie vor mein Anliegen, das Wissen \u00fcber Pflanzen und alle ihre m\u00e4rchenhaften F\u00e4higkeiten in die Welt zu bringen.<\/p>\n\n\n\n<p>Ich freue mich sehr, wenn die M\u00e4rchen dazu beitragen k\u00f6nnen, das Interesse f\u00fcr die Natur und unsere Pflanzen zu wecken oder zu vertiefen, etwas von unserer Verbundenheit mit der Natur zu sp\u00fcren, und das Wissen um die heilenden und sonstigen Kr\u00e4fte der Pflanzen weiter zu geben!<\/p>\n\n\n\n<p>Kontakt:<\/p>\n\n\n\n<p>Ursula Bertsch<br>Hansjakobstr. 136<br>79117 Freiburg<\/p>\n\n\n\n<p>F\u00fcr Kontakt oder Bestellungen benutzen Sie bitte das Kontaktformular:&nbsp;<a href=\"http:\/\/ursula-bertsch.de\/?page_id=9\">Kontakt<\/a><\/p>\n\n\n\n<p><\/p>\n\n\n\n<p><\/p>\n","protected":false},"excerpt":{"rendered":"<p>Dies ist nur eine Kurzfassung der Seite&amp;nbsp;\u201e\u00dcber\u201c.<\/p>\n","protected":false},"author":1,"featured_media":0,"parent":0,"menu_order":1,"comment_status":"closed","ping_status":"closed","template":"","meta":{"footnotes":""},"class_list":["post-8","page","type-page","status-publish","hentry"],"_links":{"self":[{"href":"https:\/\/ursula-bertsch.de\/index.php?rest_route=\/wp\/v2\/pages\/8","targetHints":{"allow":["GET"]}}],"collection":[{"href":"https:\/\/ursula-bertsch.de\/index.php?rest_route=\/wp\/v2\/pages"}],"about":[{"href":"https:\/\/ursula-bertsch.de\/index.php?rest_route=\/wp\/v2\/types\/page"}],"author":[{"embeddable":true,"href":"https:\/\/ursula-bertsch.de\/index.php?rest_route=\/wp\/v2\/users\/1"}],"replies":[{"embeddable":true,"href":"https:\/\/ursula-bertsch.de\/index.php?rest_route=%2Fwp%2Fv2%2Fcomments&post=8"}],"version-history":[{"count":6,"href":"https:\/\/ursula-bertsch.de\/index.php?rest_route=\/wp\/v2\/pages\/8\/revisions"}],"predecessor-version":[{"id":900,"href":"https:\/\/ursula-bertsch.de\/index.php?rest_route=\/wp\/v2\/pages\/8\/revisions\/900"}],"wp:attachment":[{"href":"https:\/\/ursula-bertsch.de\/index.php?rest_route=%2Fwp%2Fv2%2Fmedia&parent=8"}],"curies":[{"name":"wp","href":"https:\/\/api.w.org\/{rel}","templated":true}]}}