{"id":880,"date":"2025-08-27T18:55:13","date_gmt":"2025-08-27T18:55:13","guid":{"rendered":"https:\/\/ursula-bertsch.de\/?page_id=880"},"modified":"2025-08-27T19:18:45","modified_gmt":"2025-08-27T19:18:45","slug":"kalender-2026","status":"publish","type":"page","link":"https:\/\/ursula-bertsch.de\/?page_id=880","title":{"rendered":"Kalender 2026"},"content":{"rendered":"\n<hr class=\"wp-block-separator has-alpha-channel-opacity\" id=\"block-7df0e8e1-f5ea-4232-b92b-db535be9fe98\"\/>\n\n\n\n<p id=\"block-41cbd28a-5d72-4140-86ad-b1605dd1e0f8\">Farbige Illustration auf den Kalenderbl\u00e4ttern; dazu der M\u00e4rchentext auf einem jeweils gesonderten Blatt.<\/p>\n\n\n\n<p id=\"block-cf2086e0-6d66-4f02-be61-569204ec2f8f\">Heilpflanzen- und Gem\u00fcsem\u00e4rchen aus den beiden B\u00fcchern, dazu neue M\u00e4rchen.<br>(DinA 4 Format, 14,00 Euro, ab 15. Februar des Kalenderjahres 8,00 Euro)<\/p>\n\n\n\n<p id=\"block-1d6ccbfa-f8bb-4c4c-b724-c70091ea7646\"><\/p>\n\n\n\n<p><strong>Kalender 2026 \u00dcbersicht<\/strong><\/p>\n\n\n\n<p><strong>Deckblatt: Die Prinzessin mit dem roten Kleid<\/strong>, aus \u201eWilma Walnuss und andere Heilpflanzenm\u00e4rchen\u201c<\/p>\n\n\n\n<p><strong>Januar:<\/strong> <strong>Freundinnen sind etwas Wunderbares<\/strong>, aus \u201eWilma Walnuss und andere Heilpflanzenm\u00e4rchen\u201c<\/p>\n\n\n\n<p><strong>Februar:<\/strong> <strong>Die ausdauernde Sch\u00f6ne<\/strong>, Teil 1, neu f\u00fcr Kalender 2026<\/p>\n\n\n\n<p><strong>M\u00e4rz:<\/strong> <strong>Die ausdauernde Sch\u00f6ne<\/strong>, Teil 2, neu f\u00fcr Kalender 2026<\/p>\n\n\n\n<p><strong>April:<\/strong> <strong>Die Haselnussfee<\/strong>, Teil 1, neu f\u00fcr Kalender 2026<\/p>\n\n\n\n<p><strong>Mai:<\/strong> <strong>Die Haselnussfee<\/strong>, Teil 2, neu f\u00fcr Kalender 2026<\/p>\n\n\n\n<p><strong>Juni:<\/strong> <strong>Wie die Kunst des F\u00e4rbens in das Dorf am Wald kam<\/strong>, aus \u201eWilma Walnuss und andere Heilpflanzenm\u00e4rchen\u201c<\/p>\n\n\n\n<p><strong>Juli:<\/strong> <strong>Ein ganz besonderer Montag,<\/strong> aus \u201eWilma Walnuss und andere Heilpflanzenm\u00e4rchen\u201c<\/p>\n\n\n\n<p><strong>August:<\/strong> <strong>Die Pfefferminzdrachen<\/strong>, Teil 1, neu f\u00fcr Kalender 2026<\/p>\n\n\n\n<p><strong>September:<\/strong> <strong>Die Pfefferminzdrachen<\/strong>, Teil 2, neu f\u00fcr Kalender 2026<\/p>\n\n\n\n<p><strong>Oktober.<\/strong> <strong>Seerosenm\u00e4rchen,<\/strong> aus Gro\u00dfmutter Feuerbohne und andere Obst- und Gem\u00fcsem\u00e4rchen<\/p>\n\n\n\n<p><strong>November:<\/strong> <strong>Die Sonnenfrucht<\/strong>, aus dem Kalender 2022<\/p>\n\n\n\n<p><strong>Dezember:<\/strong> <strong>Weihnachten im Wald<\/strong>, aus \u201eWilma Walnuss und andere Heilpflanzenm\u00e4rchen\u201c<\/p>\n\n\n\n<p><\/p>\n\n\n\n<p id=\"block-74521312-1834-4940-84ad-3e347e81aafc\"><br>Hier sind einige Bilder und Leseproben:<\/p>\n\n\n\n<figure class=\"wp-block-image size-full\"><img loading=\"lazy\" decoding=\"async\" width=\"546\" height=\"818\" src=\"https:\/\/ursula-bertsch.de\/wp-content\/uploads\/2025\/08\/image.png\" alt=\"\" class=\"wp-image-883\" srcset=\"https:\/\/ursula-bertsch.de\/wp-content\/uploads\/2025\/08\/image.png 546w, https:\/\/ursula-bertsch.de\/wp-content\/uploads\/2025\/08\/image-200x300.png 200w\" sizes=\"auto, (max-width: 546px) 100vw, 546px\" \/><\/figure>\n\n\n\n<figure class=\"wp-block-image size-full\"><img loading=\"lazy\" decoding=\"async\" width=\"711\" height=\"785\" src=\"https:\/\/ursula-bertsch.de\/wp-content\/uploads\/2025\/08\/image-1.png\" alt=\"\" class=\"wp-image-884\" srcset=\"https:\/\/ursula-bertsch.de\/wp-content\/uploads\/2025\/08\/image-1.png 711w, https:\/\/ursula-bertsch.de\/wp-content\/uploads\/2025\/08\/image-1-272x300.png 272w\" sizes=\"auto, (max-width: 711px) 100vw, 711px\" \/><\/figure>\n\n\n\n<figure class=\"wp-block-image size-large\"><img loading=\"lazy\" decoding=\"async\" width=\"566\" height=\"838\" src=\"https:\/\/ursula-bertsch.de\/wp-content\/uploads\/2025\/08\/2025-08-27-21_17_03-04-April-Haselnuss-Teil-1-2026.pdf-Adobe-Acrobat-Reader-64-bit.png\" alt=\"\" class=\"wp-image-897\" srcset=\"https:\/\/ursula-bertsch.de\/wp-content\/uploads\/2025\/08\/2025-08-27-21_17_03-04-April-Haselnuss-Teil-1-2026.pdf-Adobe-Acrobat-Reader-64-bit.png 566w, https:\/\/ursula-bertsch.de\/wp-content\/uploads\/2025\/08\/2025-08-27-21_17_03-04-April-Haselnuss-Teil-1-2026.pdf-Adobe-Acrobat-Reader-64-bit-203x300.png 203w\" sizes=\"auto, (max-width: 566px) 100vw, 566px\" \/><\/figure>\n\n\n\n<figure class=\"wp-block-gallery has-nested-images columns-default is-cropped wp-block-gallery-1 is-layout-flex wp-block-gallery-is-layout-flex\">\n<figure class=\"wp-block-image size-large\"><img loading=\"lazy\" decoding=\"async\" width=\"713\" height=\"786\" data-id=\"886\" src=\"https:\/\/ursula-bertsch.de\/wp-content\/uploads\/2025\/08\/image-3.png\" alt=\"\" class=\"wp-image-886\" srcset=\"https:\/\/ursula-bertsch.de\/wp-content\/uploads\/2025\/08\/image-3.png 713w, https:\/\/ursula-bertsch.de\/wp-content\/uploads\/2025\/08\/image-3-272x300.png 272w\" sizes=\"auto, (max-width: 713px) 100vw, 713px\" \/><\/figure>\n<\/figure>\n\n\n\n<figure class=\"wp-block-gallery has-nested-images columns-default is-cropped wp-block-gallery-2 is-layout-flex wp-block-gallery-is-layout-flex\">\n<figure class=\"wp-block-image size-large\"><img loading=\"lazy\" decoding=\"async\" width=\"535\" height=\"814\" data-id=\"887\" src=\"https:\/\/ursula-bertsch.de\/wp-content\/uploads\/2025\/08\/image-4.png\" alt=\"\" class=\"wp-image-887\" srcset=\"https:\/\/ursula-bertsch.de\/wp-content\/uploads\/2025\/08\/image-4.png 535w, https:\/\/ursula-bertsch.de\/wp-content\/uploads\/2025\/08\/image-4-197x300.png 197w\" sizes=\"auto, (max-width: 535px) 100vw, 535px\" \/><\/figure>\n<\/figure>\n\n\n\n<figure class=\"wp-block-gallery has-nested-images columns-default is-cropped wp-block-gallery-3 is-layout-flex wp-block-gallery-is-layout-flex\">\n<figure class=\"wp-block-image size-large\"><img loading=\"lazy\" decoding=\"async\" width=\"654\" height=\"834\" data-id=\"888\" src=\"https:\/\/ursula-bertsch.de\/wp-content\/uploads\/2025\/08\/image-5.png\" alt=\"\" class=\"wp-image-888\" srcset=\"https:\/\/ursula-bertsch.de\/wp-content\/uploads\/2025\/08\/image-5.png 654w, https:\/\/ursula-bertsch.de\/wp-content\/uploads\/2025\/08\/image-5-235x300.png 235w\" sizes=\"auto, (max-width: 654px) 100vw, 654px\" \/><\/figure>\n<\/figure>\n","protected":false},"excerpt":{"rendered":"<p>Farbige Illustration auf den Kalenderbl\u00e4ttern; dazu der M\u00e4rchentext auf einem jeweils gesonderten Blatt. Heilpflanzen- und Gem\u00fcsem\u00e4rchen aus den beiden B\u00fcchern, dazu neue M\u00e4rchen.(DinA 4 Format, 14,00 Euro, ab 15. Februar des Kalenderjahres 8,00 Euro) Kalender 2026 \u00dcbersicht Deckblatt: Die Prinzessin mit dem roten Kleid, aus \u201eWilma Walnuss und andere Heilpflanzenm\u00e4rchen\u201c Januar: Freundinnen sind etwas Wunderbares, &hellip; <\/p>\n<p class=\"link-more\"><a href=\"https:\/\/ursula-bertsch.de\/?page_id=880\" class=\"more-link\"><span class=\"screen-reader-text\">\u201eKalender 2026\u201c <\/span>weiterlesen<\/a><\/p>\n","protected":false},"author":1,"featured_media":0,"parent":0,"menu_order":0,"comment_status":"closed","ping_status":"closed","template":"","meta":{"footnotes":""},"class_list":["post-880","page","type-page","status-publish","hentry"],"_links":{"self":[{"href":"https:\/\/ursula-bertsch.de\/index.php?rest_route=\/wp\/v2\/pages\/880","targetHints":{"allow":["GET"]}}],"collection":[{"href":"https:\/\/ursula-bertsch.de\/index.php?rest_route=\/wp\/v2\/pages"}],"about":[{"href":"https:\/\/ursula-bertsch.de\/index.php?rest_route=\/wp\/v2\/types\/page"}],"author":[{"embeddable":true,"href":"https:\/\/ursula-bertsch.de\/index.php?rest_route=\/wp\/v2\/users\/1"}],"replies":[{"embeddable":true,"href":"https:\/\/ursula-bertsch.de\/index.php?rest_route=%2Fwp%2Fv2%2Fcomments&post=880"}],"version-history":[{"count":7,"href":"https:\/\/ursula-bertsch.de\/index.php?rest_route=\/wp\/v2\/pages\/880\/revisions"}],"predecessor-version":[{"id":898,"href":"https:\/\/ursula-bertsch.de\/index.php?rest_route=\/wp\/v2\/pages\/880\/revisions\/898"}],"wp:attachment":[{"href":"https:\/\/ursula-bertsch.de\/index.php?rest_route=%2Fwp%2Fv2%2Fmedia&parent=880"}],"curies":[{"name":"wp","href":"https:\/\/api.w.org\/{rel}","templated":true}]}}